{"id":58,"date":"2023-01-18T11:17:32","date_gmt":"2023-01-18T10:17:32","guid":{"rendered":"https:\/\/websites.fraunhofer.de\/qnc\/?page_id=58"},"modified":"2024-06-26T12:14:06","modified_gmt":"2024-06-26T10:14:06","slug":"forschung","status":"publish","type":"page","link":"https:\/\/www.module-qnc.de\/en\/forschung\/","title":{"rendered":"Research Overview"},"content":{"rendered":"<p><\/p>\n\n\n\n<p>With \"FMD-QNC,\" the <a href=\"https:\/\/www.module-qnc.de\/en\/ueber-die-fmd\/\" data-type=\"page\" data-id=\"20\">Research Fab Microelectronics Germany (FMD)<\/a> provides facilities for customized microelectronics manufacturing as well as integration for quantum and neuromorphic computing. The research structures are connected to industry-oriented research and pilot lines, including superconducting and memristive circuits, 3D system integration and highly integrated radiation sources.<\/p>\n\n\n\n<figure class=\"wp-block-image size-large\"><a href=\"https:\/\/www.module-qnc.de\/wp-content\/uploads\/2023\/01\/fmd-module-qnc-karte.jpg\"><img loading=\"lazy\" decoding=\"async\" width=\"1024\" height=\"576\" src=\"https:\/\/www.module-qnc.de\/wp-content\/uploads\/2023\/11\/fmd_qnc_karte_en.jpg\" alt=\"Deutschlandkarte mit den 20 Projektpartnern des Module QNC\" class=\"wp-image-62\" srcset=\"https:\/\/www.module-qnc.de\/wp-content\/uploads\/2023\/11\/fmd_qnc_karte_en.jpg 1700w, https:\/\/www.module-qnc.de\/wp-content\/uploads\/2023\/11\/fmd_qnc_karte_en-300x169.jpg 300w, https:\/\/www.module-qnc.de\/wp-content\/uploads\/2023\/11\/fmd_qnc_karte_en-1024x576.jpg 1024w, https:\/\/www.module-qnc.de\/wp-content\/uploads\/2023\/11\/fmd_qnc_karte_en-768x432.jpg 768w, https:\/\/www.module-qnc.de\/wp-content\/uploads\/2023\/11\/fmd_qnc_karte_en-1536x864.jpg 1536w, https:\/\/www.module-qnc.de\/wp-content\/uploads\/2023\/11\/fmd_qnc_karte_en-18x10.jpg 18w\" sizes=\"auto, (max-width: 1024px) 100vw, 1024px\" \/><\/a><\/figure>\n\n\n\n<p><\/p>\n\n\n\n<p>As a result, it should be possible to develop solutions for partially extreme operating environments with high requirements, such as ultra-high vacuum, cryogenic temperatures, or special electromagnetic or thermal shielding or decoupling. This creates the process and technological prerequisites for the design, manufacturing, and characterization of chips for neuromorphic computing, as well as various QC technologies (superconductor, neutral atom, ion trap, and solid-state spin-based).<\/p>\n\n\n\n<div style=\"height:10px\" aria-hidden=\"true\" class=\"wp-block-spacer\"><\/div>\n\n\n\n<div class=\"wp-block-buttons is-content-justification-center is-layout-flex wp-container-core-buttons-is-layout-16018d1d wp-block-buttons-is-layout-flex\">\n<div class=\"wp-block-button has-custom-width wp-block-button__width-50 has-custom-font-size has-medium-font-size\"><a class=\"wp-block-button__link has-white-color has-text-color has-background wp-element-button\" href=\"https:\/\/www.module-qnc.de\/en\/kontakt\/\" style=\"background-color:#009374\" target=\"_blank\" rel=\"noreferrer noopener\">Contact us<\/a><\/div>\n<\/div>\n\n\n\n<div style=\"height:20px\" aria-hidden=\"true\" class=\"wp-block-spacer\"><\/div>\n\n\n\n<h3 class=\"wp-block-heading\">Industry-relevant research conditions and easy access to research infrastructure&nbsp;<\/h3>\n\n\n\n<figure class=\"wp-block-image size-full\"><img loading=\"lazy\" decoding=\"async\" width=\"700\" height=\"394\" src=\"https:\/\/www.module-qnc.de\/wp-content\/uploads\/2023\/01\/reinraum-qnc.jpg\" alt=\"Reinraum Aufnahme: Forscher vor Computer neben Mikroelektronik Bauteilen\" class=\"wp-image-111\" srcset=\"https:\/\/www.module-qnc.de\/wp-content\/uploads\/2023\/01\/reinraum-qnc.jpg 700w, https:\/\/www.module-qnc.de\/wp-content\/uploads\/2023\/01\/reinraum-qnc-300x169.jpg 300w\" sizes=\"auto, (max-width: 700px) 100vw, 700px\" \/><\/figure>\n\n\n\n<p>In addition to research activities and the practical testing of developments, the \"QNC-operator model\" and \"Microelectronics Academy\" are two other components of the overall project FMD-QNC. The planned Microelectronics Academy will focus on both early awareness raising among the upcoming generation of professionals in the field of microelectronics and on the training and further education of experts already in their professional careers.<\/p>\n\n\n\n<blockquote class=\"wp-block-quote is-layout-flow wp-block-quote-is-layout-flow\">\n<p>The so-called QNC-operator model should include a flexible and easily accessible access model for industry and research to respond agilely to advancing new developments and the needs of research and development, as well as to accelerate the transfer to the economy. To this end, three specific project corridors for technology development, pilot production, and advanced research should be established. In addition, networks with various user groups and selected accompanying research work to integrate the technologies into the research structures are to be expanded. This includes a QNC Space for testing special manufacturing methods, multi-project technologies as simplified access to chip production processes, and an open design platform.<\/p>\n<cite>Dr. Oliver Pyper, FMD-QNC project manager<\/cite><\/blockquote>\n\n\n\n<p><\/p>\n\n\n\n<div style=\"height:20px\" aria-hidden=\"true\" class=\"wp-block-spacer\"><\/div>\n\n\n\n<div class=\"wp-block-buttons is-content-justification-center is-layout-flex wp-container-core-buttons-is-layout-16018d1d wp-block-buttons-is-layout-flex\">\n<div class=\"wp-block-button has-custom-width wp-block-button__width-50 has-custom-font-size has-medium-font-size\"><a class=\"wp-block-button__link has-white-color has-text-color has-background wp-element-button\" href=\"https:\/\/www.module-qnc.de\/en\/kontakt\/\" style=\"background-color:#009374\">Contact us<\/a><\/div>\n<\/div>\n\n\n\n<div style=\"height:20px\" aria-hidden=\"true\" class=\"wp-block-spacer\"><\/div>\n\n\n\n<h3 class=\"wp-block-heading\">European research organizations are collaborating to address current and future challenges in electronics research<\/h3>\n\n\n\n<p>The FMD-QNC is complemented at the European level by the 'PREVAIL' project (Partnership for Realization and Validation of AI Hardware Leadership), which started simultaneously on December 1, 2022. The project involves four European research organizations <a href=\"https:\/\/www.leti-cea.com\/cea-tech\/leti\/english\/Pages\/Welcome.aspx\" target=\"_blank\" rel=\"noreferrer noopener\">CEA-Leti<\/a>, <a href=\"https:\/\/www.fraunhofer.de\/\" target=\"_blank\" rel=\"noreferrer noopener\">Fraunhofer<\/a>, <a href=\"https:\/\/www.imec-int.com\/en\" target=\"_blank\" rel=\"noreferrer noopener\">imec <\/a>and <a href=\"https:\/\/www.vttresearch.com\/en\" target=\"_blank\" rel=\"noreferrer noopener\">VTT<\/a> to create a connected 300mm technology platform for the production of chip prototypes for advanced artificial intelligence and neuromorphic computing applications. The national part of PREVAIL includes the four Fraunhofer institutes EMFT, IIS, IPMS, and IZM, which, as part of FMD, expand their 300mm manufacturing, design, and testing facilities and complement the 300mm technology of their European research partners. The planned project activities within PREVAIL and FMD-QNC are synergistically connected and are important preparations for the technological foundation of the 'European Chips Act.' The European Commission's package of measures aims to elevate semiconductor technology development to a new level and enhance European innovation in microelectronics.<\/p>\n\n\n\n<p class=\"translation-block\">The FMD-QNC project, funded by the <a href=\"https:\/\/www.bmbf.de\/bmbf\/de\/home\/home_node.html\" target=\"_blank\" rel=\"noreferrer noopener\">Federal Ministry of Education and Research (BMBF)<\/a>, is an essential step towards the development of next-generation computers in Germany and Europe.<\/p>","protected":false},"excerpt":{"rendered":"<p>Mit \u00bbFMD-QNC\u00ab stellt die Forschungsfabrik Mikroelektronik Deutschland (FMD) Anlagen f\u00fcr die ma\u00dfgeschneiderte Mikroelektronikfertigung und -integration f\u00fcr Quanten- und neuromorphes Computing bereit. Die Forschungsstrukturen werden zu industrienahen Forschungs- und Pilotlinien vernetzt, unter anderem f\u00fcr supraleitende und memristive Schaltkreise, 3D-Systemintegration und hochintegrierte&#8230;<\/p>","protected":false},"author":1,"featured_media":0,"parent":0,"menu_order":0,"comment_status":"closed","ping_status":"closed","template":"","meta":{"_acf_changed":false,"footnotes":""},"class_list":["post-58","page","type-page","status-publish","hentry"],"acf":[],"yoast_head":"<!-- This site is optimized with the Yoast SEO plugin v27.5 - https:\/\/yoast.com\/product\/yoast-seo-wordpress\/ -->\n<title>Forschungs\u00fcberblick<\/title>\n<meta name=\"description\" content=\"Industrienahe Forschungs- und Pilotlinien: supraleitende\/memristive Schaltkreise, 3D-Systemintegration und hochintegrierte Strahlquellen\" \/>\n<meta name=\"robots\" content=\"index, follow, max-snippet:-1, max-image-preview:large, max-video-preview:-1\" \/>\n<link rel=\"canonical\" href=\"https:\/\/www.module-qnc.de\/en\/forschung\/\" \/>\n<meta property=\"og:locale\" content=\"en_US\" \/>\n<meta property=\"og:type\" content=\"article\" \/>\n<meta property=\"og:title\" content=\"Forschungs\u00fcberblick\" \/>\n<meta property=\"og:description\" content=\"Industrienahe Forschungs- und Pilotlinien: supraleitende\/memristive Schaltkreise, 3D-Systemintegration und hochintegrierte Strahlquellen\" \/>\n<meta property=\"og:url\" content=\"https:\/\/www.module-qnc.de\/en\/forschung\/\" \/>\n<meta property=\"og:site_name\" content=\"FMD-QNC\" \/>\n<meta property=\"article:modified_time\" content=\"2024-06-26T10:14:06+00:00\" \/>\n<meta property=\"og:image\" content=\"https:\/\/www.module-qnc.de\/wp-content\/uploads\/2023\/01\/fmd-module-qnc-karte-1024x576.jpg\" \/>\n<meta name=\"twitter:card\" content=\"summary_large_image\" \/>\n<meta name=\"twitter:label1\" content=\"Est. reading time\" \/>\n\t<meta name=\"twitter:data1\" content=\"3 minutes\" \/>\n<script type=\"application\/ld+json\" class=\"yoast-schema-graph\">{\"@context\":\"https:\\\/\\\/schema.org\",\"@graph\":[{\"@type\":\"WebPage\",\"@id\":\"https:\\\/\\\/www.module-qnc.de\\\/forschung\\\/\",\"url\":\"https:\\\/\\\/www.module-qnc.de\\\/forschung\\\/\",\"name\":\"Forschungs\u00fcberblick\",\"isPartOf\":{\"@id\":\"https:\\\/\\\/www.module-qnc.de\\\/#website\"},\"primaryImageOfPage\":{\"@id\":\"https:\\\/\\\/www.module-qnc.de\\\/forschung\\\/#primaryimage\"},\"image\":{\"@id\":\"https:\\\/\\\/www.module-qnc.de\\\/forschung\\\/#primaryimage\"},\"thumbnailUrl\":\"https:\\\/\\\/www.module-qnc.de\\\/wp-content\\\/uploads\\\/2023\\\/01\\\/fmd-module-qnc-karte-1024x576.jpg\",\"datePublished\":\"2023-01-18T10:17:32+00:00\",\"dateModified\":\"2024-06-26T10:14:06+00:00\",\"description\":\"Industrienahe Forschungs- und Pilotlinien: supraleitende\\\/memristive Schaltkreise, 3D-Systemintegration und hochintegrierte Strahlquellen\",\"breadcrumb\":{\"@id\":\"https:\\\/\\\/www.module-qnc.de\\\/forschung\\\/#breadcrumb\"},\"inLanguage\":\"en-US\",\"potentialAction\":[{\"@type\":\"ReadAction\",\"target\":[\"https:\\\/\\\/www.module-qnc.de\\\/forschung\\\/\"]}]},{\"@type\":\"ImageObject\",\"inLanguage\":\"en-US\",\"@id\":\"https:\\\/\\\/www.module-qnc.de\\\/forschung\\\/#primaryimage\",\"url\":\"https:\\\/\\\/www.module-qnc.de\\\/wp-content\\\/uploads\\\/2023\\\/01\\\/fmd-module-qnc-karte-1024x576.jpg\",\"contentUrl\":\"https:\\\/\\\/www.module-qnc.de\\\/wp-content\\\/uploads\\\/2023\\\/01\\\/fmd-module-qnc-karte-1024x576.jpg\"},{\"@type\":\"BreadcrumbList\",\"@id\":\"https:\\\/\\\/www.module-qnc.de\\\/forschung\\\/#breadcrumb\",\"itemListElement\":[{\"@type\":\"ListItem\",\"position\":1,\"name\":\"Startseite\",\"item\":\"https:\\\/\\\/www.module-qnc.de\\\/\"},{\"@type\":\"ListItem\",\"position\":2,\"name\":\"Forschungs\u00fcberblick\"}]},{\"@type\":\"WebSite\",\"@id\":\"https:\\\/\\\/www.module-qnc.de\\\/#website\",\"url\":\"https:\\\/\\\/www.module-qnc.de\\\/\",\"name\":\"FMD-QNC\",\"description\":\"FMD-Modul Quantencomputing und neuromorphes Computing\",\"publisher\":{\"@id\":\"https:\\\/\\\/www.module-qnc.de\\\/#organization\"},\"potentialAction\":[{\"@type\":\"SearchAction\",\"target\":{\"@type\":\"EntryPoint\",\"urlTemplate\":\"https:\\\/\\\/www.module-qnc.de\\\/?s={search_term_string}\"},\"query-input\":{\"@type\":\"PropertyValueSpecification\",\"valueRequired\":true,\"valueName\":\"search_term_string\"}}],\"inLanguage\":\"en-US\"},{\"@type\":\"Organization\",\"@id\":\"https:\\\/\\\/www.module-qnc.de\\\/#organization\",\"name\":\"FMD-QNC\",\"url\":\"https:\\\/\\\/www.module-qnc.de\\\/\",\"logo\":{\"@type\":\"ImageObject\",\"inLanguage\":\"en-US\",\"@id\":\"https:\\\/\\\/www.module-qnc.de\\\/#\\\/schema\\\/logo\\\/image\\\/\",\"url\":\"https:\\\/\\\/www.module-qnc.de\\\/wp-content\\\/uploads\\\/2023\\\/01\\\/221117-loewn_fmd_qnc_logo-1.png\",\"contentUrl\":\"https:\\\/\\\/www.module-qnc.de\\\/wp-content\\\/uploads\\\/2023\\\/01\\\/221117-loewn_fmd_qnc_logo-1.png\",\"width\":4096,\"height\":893,\"caption\":\"FMD-QNC\"},\"image\":{\"@id\":\"https:\\\/\\\/www.module-qnc.de\\\/#\\\/schema\\\/logo\\\/image\\\/\"}}]}<\/script>\n<!-- \/ Yoast SEO plugin. -->","yoast_head_json":{"title":"Research Overview","description":"Industry-oriented research and pilot lines: superconducting\/memristive circuits, 3D system integration, and highly integrated beam sources","robots":{"index":"index","follow":"follow","max-snippet":"max-snippet:-1","max-image-preview":"max-image-preview:large","max-video-preview":"max-video-preview:-1"},"canonical":"https:\/\/www.module-qnc.de\/en\/forschung\/","og_locale":"en_US","og_type":"article","og_title":"Forschungs\u00fcberblick","og_description":"Industrienahe Forschungs- und Pilotlinien: supraleitende\/memristive Schaltkreise, 3D-Systemintegration und hochintegrierte Strahlquellen","og_url":"https:\/\/www.module-qnc.de\/en\/forschung\/","og_site_name":"FMD-QNC","article_modified_time":"2024-06-26T10:14:06+00:00","og_image":[{"url":"https:\/\/www.module-qnc.de\/wp-content\/uploads\/2023\/01\/fmd-module-qnc-karte-1024x576.jpg","type":"","width":"","height":""}],"twitter_card":"summary_large_image","twitter_misc":{"Est. reading time":"3 minutes"},"schema":{"@context":"https:\/\/schema.org","@graph":[{"@type":"WebPage","@id":"https:\/\/www.module-qnc.de\/forschung\/","url":"https:\/\/www.module-qnc.de\/forschung\/","name":"Research Overview","isPartOf":{"@id":"https:\/\/www.module-qnc.de\/#website"},"primaryImageOfPage":{"@id":"https:\/\/www.module-qnc.de\/forschung\/#primaryimage"},"image":{"@id":"https:\/\/www.module-qnc.de\/forschung\/#primaryimage"},"thumbnailUrl":"https:\/\/www.module-qnc.de\/wp-content\/uploads\/2023\/01\/fmd-module-qnc-karte-1024x576.jpg","datePublished":"2023-01-18T10:17:32+00:00","dateModified":"2024-06-26T10:14:06+00:00","description":"Industry-oriented research and pilot lines: superconducting\/memristive circuits, 3D system integration, and highly integrated beam sources","breadcrumb":{"@id":"https:\/\/www.module-qnc.de\/forschung\/#breadcrumb"},"inLanguage":"en-US","potentialAction":[{"@type":"ReadAction","target":["https:\/\/www.module-qnc.de\/forschung\/"]}]},{"@type":"ImageObject","inLanguage":"en-US","@id":"https:\/\/www.module-qnc.de\/forschung\/#primaryimage","url":"https:\/\/www.module-qnc.de\/wp-content\/uploads\/2023\/01\/fmd-module-qnc-karte-1024x576.jpg","contentUrl":"https:\/\/www.module-qnc.de\/wp-content\/uploads\/2023\/01\/fmd-module-qnc-karte-1024x576.jpg"},{"@type":"BreadcrumbList","@id":"https:\/\/www.module-qnc.de\/forschung\/#breadcrumb","itemListElement":[{"@type":"ListItem","position":1,"name":"Startseite","item":"https:\/\/www.module-qnc.de\/"},{"@type":"ListItem","position":2,"name":"Forschungs\u00fcberblick"}]},{"@type":"WebSite","@id":"https:\/\/www.module-qnc.de\/#website","url":"https:\/\/www.module-qnc.de\/","name":"FMD-QNC","description":"FMD-Module\nQuantum and Neuromorphic Computing","publisher":{"@id":"https:\/\/www.module-qnc.de\/#organization"},"potentialAction":[{"@type":"SearchAction","target":{"@type":"EntryPoint","urlTemplate":"https:\/\/www.module-qnc.de\/?s={search_term_string}"},"query-input":{"@type":"PropertyValueSpecification","valueRequired":true,"valueName":"search_term_string"}}],"inLanguage":"en-US"},{"@type":"Organization","@id":"https:\/\/www.module-qnc.de\/#organization","name":"FMD-QNC","url":"https:\/\/www.module-qnc.de\/","logo":{"@type":"ImageObject","inLanguage":"en-US","@id":"https:\/\/www.module-qnc.de\/#\/schema\/logo\/image\/","url":"https:\/\/www.module-qnc.de\/wp-content\/uploads\/2023\/01\/221117-loewn_fmd_qnc_logo-1.png","contentUrl":"https:\/\/www.module-qnc.de\/wp-content\/uploads\/2023\/01\/221117-loewn_fmd_qnc_logo-1.png","width":4096,"height":893,"caption":"FMD-QNC"},"image":{"@id":"https:\/\/www.module-qnc.de\/#\/schema\/logo\/image\/"}}]}},"_links":{"self":[{"href":"https:\/\/www.module-qnc.de\/en\/wp-json\/wp\/v2\/pages\/58","targetHints":{"allow":["GET"]}}],"collection":[{"href":"https:\/\/www.module-qnc.de\/en\/wp-json\/wp\/v2\/pages"}],"about":[{"href":"https:\/\/www.module-qnc.de\/en\/wp-json\/wp\/v2\/types\/page"}],"author":[{"embeddable":true,"href":"https:\/\/www.module-qnc.de\/en\/wp-json\/wp\/v2\/users\/1"}],"replies":[{"embeddable":true,"href":"https:\/\/www.module-qnc.de\/en\/wp-json\/wp\/v2\/comments?post=58"}],"version-history":[{"count":27,"href":"https:\/\/www.module-qnc.de\/en\/wp-json\/wp\/v2\/pages\/58\/revisions"}],"predecessor-version":[{"id":2354,"href":"https:\/\/www.module-qnc.de\/en\/wp-json\/wp\/v2\/pages\/58\/revisions\/2354"}],"wp:attachment":[{"href":"https:\/\/www.module-qnc.de\/en\/wp-json\/wp\/v2\/media?parent=58"}],"curies":[{"name":"wp","href":"https:\/\/api.w.org\/{rel}","templated":true}]}}