{"id":42,"date":"2023-01-19T10:16:38","date_gmt":"2023-01-19T09:16:38","guid":{"rendered":"https:\/\/websites.fraunhofer.de\/qnc\/?page_id=42"},"modified":"2025-04-11T15:45:00","modified_gmt":"2025-04-11T13:45:00","slug":"kontakt","status":"publish","type":"page","link":"https:\/\/www.module-qnc.de\/en\/kontakt\/","title":{"rendered":"Contact"},"content":{"rendered":"<div style=\"height:20px\" aria-hidden=\"true\" class=\"wp-block-spacer\"><\/div>\n\n\n\n<p>Do you have any questions about FMD-QNC? Our contact persons will be happy to help you!<\/p>\n\n\n\n<div class=\"wp-block-columns is-layout-flex wp-container-core-columns-is-layout-9d6595d7 wp-block-columns-is-layout-flex\">\n<div class=\"wp-block-column is-layout-flow wp-block-column-is-layout-flow\">\n<figure class=\"wp-block-image size-full\"><a href=\"mailto:joerg.stephan@mikroelektronik.fraunhofer.de\"><img loading=\"lazy\" decoding=\"async\" width=\"800\" height=\"533\" src=\"https:\/\/www.module-qnc.de\/wp-content\/uploads\/2024\/06\/joerg-stephan-fmd.jpg\" alt=\"\" class=\"wp-image-2339\" style=\"aspect-ratio:3\/2;object-fit:cover\" srcset=\"https:\/\/www.module-qnc.de\/wp-content\/uploads\/2024\/06\/joerg-stephan-fmd.jpg 800w, https:\/\/www.module-qnc.de\/wp-content\/uploads\/2024\/06\/joerg-stephan-fmd-300x200.jpg 300w, https:\/\/www.module-qnc.de\/wp-content\/uploads\/2024\/06\/joerg-stephan-fmd-768x512.jpg 768w, https:\/\/www.module-qnc.de\/wp-content\/uploads\/2024\/06\/joerg-stephan-fmd-18x12.jpg 18w\" sizes=\"auto, (max-width: 800px) 100vw, 800px\" \/><\/a><\/figure>\n\n\n\n<div style=\"height:18px\" aria-hidden=\"true\" class=\"wp-block-spacer\"><\/div>\n\n\n\n<p><strong>J\u00f6rg Stephan<\/strong><br>Project Manager; Senior expert for neuromorphic computing.<br>Research Fab Microelectronics Germany (FMD) <a href=\"mailto:joerg.stephan@mikroelektronik.fraunhofer.de\">Email<\/a><br><\/p>\n<\/div>\n\n\n\n<div class=\"wp-block-column is-layout-flow wp-block-column-is-layout-flow\">\n<figure class=\"wp-block-image size-full\"><a href=\"mailto:tim.rom@mikroelektronik.fraunhofer.de\"><img loading=\"lazy\" decoding=\"async\" width=\"800\" height=\"533\" src=\"https:\/\/www.module-qnc.de\/wp-content\/uploads\/2023\/12\/tim-rom-fmd.jpg\" alt=\"Portraitaufnahme Tim Rom\" class=\"wp-image-1151\" style=\"aspect-ratio:3\/2;object-fit:cover\" srcset=\"https:\/\/www.module-qnc.de\/wp-content\/uploads\/2023\/12\/tim-rom-fmd.jpg 800w, https:\/\/www.module-qnc.de\/wp-content\/uploads\/2023\/12\/tim-rom-fmd-300x200.jpg 300w, https:\/\/www.module-qnc.de\/wp-content\/uploads\/2023\/12\/tim-rom-fmd-768x512.jpg 768w, https:\/\/www.module-qnc.de\/wp-content\/uploads\/2023\/12\/tim-rom-fmd-18x12.jpg 18w\" sizes=\"auto, (max-width: 800px) 100vw, 800px\" \/><\/a><\/figure>\n\n\n\n<div style=\"height:18px\" aria-hidden=\"true\" class=\"wp-block-spacer\"><\/div>\n\n\n\n<p><strong>Dr. Tim Rom<\/strong><br>Senior expert for quantum technologies and quantum computing<br>Research Fab Microelectronics Germany (FMD) <a href=\"mailto:tim.rom@mikroelektronik.fraunhofer.de\" target=\"_blank\" rel=\"noreferrer noopener\">Email<\/a><br><\/p>\n<\/div>\n\n\n\n<div class=\"wp-block-column is-layout-flow wp-block-column-is-layout-flow\">\n<figure class=\"wp-block-image size-full\"><a href=\"mailto:daniela.huebler@mikroelektronik.fraunhofer.de\"><img loading=\"lazy\" decoding=\"async\" width=\"600\" height=\"368\" src=\"https:\/\/www.module-qnc.de\/wp-content\/uploads\/2023\/05\/daniela-huebler-module-qnc-space.jpg\" alt=\"Portraitaufnahme Daniela H\u00fcbler\" class=\"wp-image-671\" style=\"aspect-ratio:3\/2;object-fit:cover\" srcset=\"https:\/\/www.module-qnc.de\/wp-content\/uploads\/2023\/05\/daniela-huebler-module-qnc-space.jpg 600w, https:\/\/www.module-qnc.de\/wp-content\/uploads\/2023\/05\/daniela-huebler-module-qnc-space-300x184.jpg 300w\" sizes=\"auto, (max-width: 600px) 100vw, 600px\" \/><\/a><\/figure>\n\n\n\n<div style=\"height:18px\" aria-hidden=\"true\" class=\"wp-block-spacer\"><\/div>\n\n\n\n<p><strong>Dr. Daniela H\u00fcbler<\/strong><br>Senior Manager for Innovation, focus area Start-ups.<br>Research Fab Microelectronics Germany (FMD) <a href=\"mailto:daniela.huebler@mikroelektronik.fraunhofer.de\" target=\"_blank\" rel=\"noreferrer noopener\">Email<\/a><br><\/p>\n<\/div>\n<\/div>\n\n\n\n<div style=\"height:20px\" aria-hidden=\"true\" class=\"wp-block-spacer\"><\/div>\n\n\n\n<h2 class=\"wp-block-heading\">General inquiry form<\/h2>\n\n\n\n<p>You can't find a direct contact person for your request or would like to ask a general question? Then please use the contact form. We will get back to you as soon as possible.<\/p>\n\n\n\n<div class=\"wp-block-contact-form-7-contact-form-selector\">\n<div class=\"wpcf7 no-js\" id=\"wpcf7-f4-o1\" lang=\"de-DE\" dir=\"ltr\" data-wpcf7-id=\"4\">\n<div class=\"screen-reader-response\"><p role=\"status\" aria-live=\"polite\" aria-atomic=\"true\"><\/p> <ul><\/ul><\/div>\n<form action=\"\/en\/wp-json\/wp\/v2\/pages\/42#wpcf7-f4-o1\" method=\"post\" class=\"wpcf7-form init\" aria-label=\"Kontaktformular\" novalidate=\"novalidate\" data-status=\"init\" data-trp-original-action=\"\/en\/wp-json\/wp\/v2\/pages\/42#wpcf7-f4-o1\">\n<fieldset class=\"hidden-fields-container\"><input type=\"hidden\" name=\"_wpcf7\" value=\"4\" \/><input type=\"hidden\" name=\"_wpcf7_version\" value=\"6.1.5\" \/><input type=\"hidden\" name=\"_wpcf7_locale\" value=\"de_DE\" \/><input type=\"hidden\" name=\"_wpcf7_unit_tag\" value=\"wpcf7-f4-o1\" \/><input type=\"hidden\" name=\"_wpcf7_container_post\" value=\"0\" \/><input type=\"hidden\" name=\"_wpcf7_posted_data_hash\" value=\"\" \/><input type=\"hidden\" name=\"_wpcf7_recaptcha_response\" value=\"\" \/>\n<\/fieldset>\n<p><span class=\"wpcf7-form-control-wrap\" data-name=\"your-name\"><input size=\"40\" maxlength=\"400\" class=\"wpcf7-form-control wpcf7-text wpcf7-validates-as-required\" aria-required=\"true\" aria-invalid=\"false\" placeholder=\"Name\" value=\"\" type=\"text\" name=\"your-name\" \/><\/span>\n<\/p>\n<p><span class=\"wpcf7-form-control-wrap\" data-name=\"your-email\"><input size=\"40\" maxlength=\"400\" class=\"wpcf7-form-control wpcf7-email wpcf7-validates-as-required wpcf7-text wpcf7-validates-as-email\" aria-required=\"true\" aria-invalid=\"false\" placeholder=\"Email\" value=\"\" type=\"email\" name=\"your-email\" \/><\/span>\n<\/p>\n<p><span class=\"wpcf7-form-control-wrap\" data-name=\"your-message\"><textarea cols=\"40\" rows=\"10\" maxlength=\"2000\" class=\"wpcf7-form-control wpcf7-textarea\" aria-invalid=\"false\" placeholder=\"Message\" name=\"your-message\"><\/textarea><\/span>\n<\/p>\n<p><span class=\"wpcf7-form-control-wrap\" data-name=\"checkbox-745\"><span class=\"wpcf7-form-control wpcf7-checkbox wpcf7-validates-as-required\"><span class=\"wpcf7-list-item first last\"><input type=\"checkbox\" name=\"checkbox-745[]\" value=\"Ich bin damit einverstanden, dass meine E-Mail-Adresse zur Verarbeitung meiner Anfrage weiterverwendet wird.\" \/><span class=\"wpcf7-list-item-label\">I agree to the use of my email address for processing my request.<\/span><\/span><\/span><\/span>\n<\/p>\n<p><input class=\"wpcf7-form-control wpcf7-submit has-spinner\" type=\"submit\" value=\"Submit\" \/>\n<\/p><div class=\"wpcf7-response-output\" aria-hidden=\"true\"><\/div>\n<input type=\"hidden\" name=\"trp-form-language\" value=\"en\"\/><\/form>\n<\/div>\n<\/div>","protected":false},"excerpt":{"rendered":"<p>Haben Sie Fragen zu FMD-QNC? Unsere Ansprechpartner:innen sind gern f\u00fcr Sie da! J\u00f6rg StephanProjektleiter; Senior Expert f\u00fcr Neuromorphes Computing.Forschungsfabrik Mikroelektronik Deutschland (FMD). E-Mail Dr. Tim RomSenior Expert f\u00fcr Quantentechnologien und Quantencomputing.Forschungsfabrik Mikroelektronik Deutschland (FMD). E-Mail Dr. Daniela H\u00fcblerSenior Managerin f\u00fcr&#8230;<\/p>","protected":false},"author":1,"featured_media":0,"parent":0,"menu_order":0,"comment_status":"closed","ping_status":"closed","template":"page-fullwidth.php","meta":{"_acf_changed":false,"footnotes":""},"class_list":["post-42","page","type-page","status-publish","hentry"],"acf":[],"yoast_head":"<!-- This site is optimized with the Yoast SEO plugin v27.5 - https:\/\/yoast.com\/product\/yoast-seo-wordpress\/ -->\n<title>Kontakt<\/title>\n<meta name=\"description\" content=\"Fragen, Anmerkungen oder Ideen zum FMD-Modul Quantencomputing und neuromorphes Computing? Jetzt Kontakt aufnehmen!\" \/>\n<meta name=\"robots\" content=\"index, follow, max-snippet:-1, max-image-preview:large, max-video-preview:-1\" \/>\n<link rel=\"canonical\" href=\"https:\/\/www.module-qnc.de\/en\/kontakt\/\" \/>\n<meta property=\"og:locale\" content=\"en_US\" \/>\n<meta property=\"og:type\" content=\"article\" \/>\n<meta property=\"og:title\" content=\"Kontakt\" \/>\n<meta property=\"og:description\" content=\"Fragen, Anmerkungen oder Ideen zum FMD-Modul Quantencomputing und neuromorphes Computing? Jetzt Kontakt aufnehmen!\" \/>\n<meta property=\"og:url\" content=\"https:\/\/www.module-qnc.de\/en\/kontakt\/\" \/>\n<meta property=\"og:site_name\" content=\"FMD-QNC\" \/>\n<meta property=\"article:modified_time\" content=\"2025-04-11T13:45:00+00:00\" \/>\n<meta property=\"og:image\" content=\"https:\/\/www.module-qnc.de\/wp-content\/uploads\/2024\/06\/joerg-stephan-fmd.jpg\" \/>\n\t<meta property=\"og:image:width\" content=\"800\" \/>\n\t<meta property=\"og:image:height\" content=\"533\" \/>\n\t<meta property=\"og:image:type\" content=\"image\/jpeg\" \/>\n<meta name=\"twitter:card\" content=\"summary_large_image\" \/>\n<meta name=\"twitter:label1\" content=\"Est. reading time\" \/>\n\t<meta name=\"twitter:data1\" content=\"2 minutes\" \/>\n<script type=\"application\/ld+json\" class=\"yoast-schema-graph\">{\"@context\":\"https:\\\/\\\/schema.org\",\"@graph\":[{\"@type\":\"WebPage\",\"@id\":\"https:\\\/\\\/www.module-qnc.de\\\/kontakt\\\/\",\"url\":\"https:\\\/\\\/www.module-qnc.de\\\/kontakt\\\/\",\"name\":\"Kontakt\",\"isPartOf\":{\"@id\":\"https:\\\/\\\/www.module-qnc.de\\\/#website\"},\"primaryImageOfPage\":{\"@id\":\"https:\\\/\\\/www.module-qnc.de\\\/kontakt\\\/#primaryimage\"},\"image\":{\"@id\":\"https:\\\/\\\/www.module-qnc.de\\\/kontakt\\\/#primaryimage\"},\"thumbnailUrl\":\"https:\\\/\\\/www.module-qnc.de\\\/wp-content\\\/uploads\\\/2024\\\/06\\\/joerg-stephan-fmd.jpg\",\"datePublished\":\"2023-01-19T09:16:38+00:00\",\"dateModified\":\"2025-04-11T13:45:00+00:00\",\"description\":\"Fragen, Anmerkungen oder Ideen zum FMD-Modul Quantencomputing und neuromorphes Computing? Jetzt Kontakt aufnehmen!\",\"breadcrumb\":{\"@id\":\"https:\\\/\\\/www.module-qnc.de\\\/kontakt\\\/#breadcrumb\"},\"inLanguage\":\"en-US\",\"potentialAction\":[{\"@type\":\"ReadAction\",\"target\":[\"https:\\\/\\\/www.module-qnc.de\\\/kontakt\\\/\"]}]},{\"@type\":\"ImageObject\",\"inLanguage\":\"en-US\",\"@id\":\"https:\\\/\\\/www.module-qnc.de\\\/kontakt\\\/#primaryimage\",\"url\":\"https:\\\/\\\/www.module-qnc.de\\\/wp-content\\\/uploads\\\/2024\\\/06\\\/joerg-stephan-fmd.jpg\",\"contentUrl\":\"https:\\\/\\\/www.module-qnc.de\\\/wp-content\\\/uploads\\\/2024\\\/06\\\/joerg-stephan-fmd.jpg\"},{\"@type\":\"BreadcrumbList\",\"@id\":\"https:\\\/\\\/www.module-qnc.de\\\/kontakt\\\/#breadcrumb\",\"itemListElement\":[{\"@type\":\"ListItem\",\"position\":1,\"name\":\"Startseite\",\"item\":\"https:\\\/\\\/www.module-qnc.de\\\/\"},{\"@type\":\"ListItem\",\"position\":2,\"name\":\"Kontakt\"}]},{\"@type\":\"WebSite\",\"@id\":\"https:\\\/\\\/www.module-qnc.de\\\/#website\",\"url\":\"https:\\\/\\\/www.module-qnc.de\\\/\",\"name\":\"FMD-QNC\",\"description\":\"FMD-Modul Quantencomputing und neuromorphes Computing\",\"publisher\":{\"@id\":\"https:\\\/\\\/www.module-qnc.de\\\/#organization\"},\"potentialAction\":[{\"@type\":\"SearchAction\",\"target\":{\"@type\":\"EntryPoint\",\"urlTemplate\":\"https:\\\/\\\/www.module-qnc.de\\\/?s={search_term_string}\"},\"query-input\":{\"@type\":\"PropertyValueSpecification\",\"valueRequired\":true,\"valueName\":\"search_term_string\"}}],\"inLanguage\":\"en-US\"},{\"@type\":\"Organization\",\"@id\":\"https:\\\/\\\/www.module-qnc.de\\\/#organization\",\"name\":\"FMD-QNC\",\"url\":\"https:\\\/\\\/www.module-qnc.de\\\/\",\"logo\":{\"@type\":\"ImageObject\",\"inLanguage\":\"en-US\",\"@id\":\"https:\\\/\\\/www.module-qnc.de\\\/#\\\/schema\\\/logo\\\/image\\\/\",\"url\":\"https:\\\/\\\/www.module-qnc.de\\\/wp-content\\\/uploads\\\/2023\\\/01\\\/221117-loewn_fmd_qnc_logo-1.png\",\"contentUrl\":\"https:\\\/\\\/www.module-qnc.de\\\/wp-content\\\/uploads\\\/2023\\\/01\\\/221117-loewn_fmd_qnc_logo-1.png\",\"width\":4096,\"height\":893,\"caption\":\"FMD-QNC\"},\"image\":{\"@id\":\"https:\\\/\\\/www.module-qnc.de\\\/#\\\/schema\\\/logo\\\/image\\\/\"}}]}<\/script>\n<!-- \/ Yoast SEO plugin. -->","yoast_head_json":{"title":"Contact","description":"Questions, comments or ideas about the FMD module Quantum Computing and Neuromorphic Computing? Get in touch now!","robots":{"index":"index","follow":"follow","max-snippet":"max-snippet:-1","max-image-preview":"max-image-preview:large","max-video-preview":"max-video-preview:-1"},"canonical":"https:\/\/www.module-qnc.de\/en\/kontakt\/","og_locale":"en_US","og_type":"article","og_title":"Kontakt","og_description":"Fragen, Anmerkungen oder Ideen zum FMD-Modul Quantencomputing und neuromorphes Computing? Jetzt Kontakt aufnehmen!","og_url":"https:\/\/www.module-qnc.de\/en\/kontakt\/","og_site_name":"FMD-QNC","article_modified_time":"2025-04-11T13:45:00+00:00","og_image":[{"width":800,"height":533,"url":"https:\/\/www.module-qnc.de\/wp-content\/uploads\/2024\/06\/joerg-stephan-fmd.jpg","type":"image\/jpeg"}],"twitter_card":"summary_large_image","twitter_misc":{"Est. reading time":"2 minutes"},"schema":{"@context":"https:\/\/schema.org","@graph":[{"@type":"WebPage","@id":"https:\/\/www.module-qnc.de\/kontakt\/","url":"https:\/\/www.module-qnc.de\/kontakt\/","name":"Contact","isPartOf":{"@id":"https:\/\/www.module-qnc.de\/#website"},"primaryImageOfPage":{"@id":"https:\/\/www.module-qnc.de\/kontakt\/#primaryimage"},"image":{"@id":"https:\/\/www.module-qnc.de\/kontakt\/#primaryimage"},"thumbnailUrl":"https:\/\/www.module-qnc.de\/wp-content\/uploads\/2024\/06\/joerg-stephan-fmd.jpg","datePublished":"2023-01-19T09:16:38+00:00","dateModified":"2025-04-11T13:45:00+00:00","description":"Questions, comments or ideas about the FMD module Quantum Computing and Neuromorphic Computing? Get in touch now!","breadcrumb":{"@id":"https:\/\/www.module-qnc.de\/kontakt\/#breadcrumb"},"inLanguage":"en-US","potentialAction":[{"@type":"ReadAction","target":["https:\/\/www.module-qnc.de\/kontakt\/"]}]},{"@type":"ImageObject","inLanguage":"en-US","@id":"https:\/\/www.module-qnc.de\/kontakt\/#primaryimage","url":"https:\/\/www.module-qnc.de\/wp-content\/uploads\/2024\/06\/joerg-stephan-fmd.jpg","contentUrl":"https:\/\/www.module-qnc.de\/wp-content\/uploads\/2024\/06\/joerg-stephan-fmd.jpg"},{"@type":"BreadcrumbList","@id":"https:\/\/www.module-qnc.de\/kontakt\/#breadcrumb","itemListElement":[{"@type":"ListItem","position":1,"name":"Startseite","item":"https:\/\/www.module-qnc.de\/"},{"@type":"ListItem","position":2,"name":"Kontakt"}]},{"@type":"WebSite","@id":"https:\/\/www.module-qnc.de\/#website","url":"https:\/\/www.module-qnc.de\/","name":"FMD-QNC","description":"FMD-Module\nQuantum and Neuromorphic Computing","publisher":{"@id":"https:\/\/www.module-qnc.de\/#organization"},"potentialAction":[{"@type":"SearchAction","target":{"@type":"EntryPoint","urlTemplate":"https:\/\/www.module-qnc.de\/?s={search_term_string}"},"query-input":{"@type":"PropertyValueSpecification","valueRequired":true,"valueName":"search_term_string"}}],"inLanguage":"en-US"},{"@type":"Organization","@id":"https:\/\/www.module-qnc.de\/#organization","name":"FMD-QNC","url":"https:\/\/www.module-qnc.de\/","logo":{"@type":"ImageObject","inLanguage":"en-US","@id":"https:\/\/www.module-qnc.de\/#\/schema\/logo\/image\/","url":"https:\/\/www.module-qnc.de\/wp-content\/uploads\/2023\/01\/221117-loewn_fmd_qnc_logo-1.png","contentUrl":"https:\/\/www.module-qnc.de\/wp-content\/uploads\/2023\/01\/221117-loewn_fmd_qnc_logo-1.png","width":4096,"height":893,"caption":"FMD-QNC"},"image":{"@id":"https:\/\/www.module-qnc.de\/#\/schema\/logo\/image\/"}}]}},"_links":{"self":[{"href":"https:\/\/www.module-qnc.de\/en\/wp-json\/wp\/v2\/pages\/42","targetHints":{"allow":["GET"]}}],"collection":[{"href":"https:\/\/www.module-qnc.de\/en\/wp-json\/wp\/v2\/pages"}],"about":[{"href":"https:\/\/www.module-qnc.de\/en\/wp-json\/wp\/v2\/types\/page"}],"author":[{"embeddable":true,"href":"https:\/\/www.module-qnc.de\/en\/wp-json\/wp\/v2\/users\/1"}],"replies":[{"embeddable":true,"href":"https:\/\/www.module-qnc.de\/en\/wp-json\/wp\/v2\/comments?post=42"}],"version-history":[{"count":15,"href":"https:\/\/www.module-qnc.de\/en\/wp-json\/wp\/v2\/pages\/42\/revisions"}],"predecessor-version":[{"id":3352,"href":"https:\/\/www.module-qnc.de\/en\/wp-json\/wp\/v2\/pages\/42\/revisions\/3352"}],"wp:attachment":[{"href":"https:\/\/www.module-qnc.de\/en\/wp-json\/wp\/v2\/media?parent=42"}],"curies":[{"name":"wp","href":"https:\/\/api.w.org\/{rel}","templated":true}]}}