{"id":38,"date":"2023-01-17T10:28:06","date_gmt":"2023-01-17T09:28:06","guid":{"rendered":"https:\/\/websites.fraunhofer.de\/qnc\/?page_id=38"},"modified":"2025-02-17T09:59:56","modified_gmt":"2025-02-17T08:59:56","slug":"impressum","status":"publish","type":"page","link":"https:\/\/www.module-qnc.de\/en\/impressum\/","title":{"rendered":"Imprint"},"content":{"rendered":"<p><\/p>\n\n\n\n<p>Fraunhofer-Verbund Mikroelektronik<br>Anna-Louisa-Karsch-Str. 2<br>10178 Berlin<br>Internet&nbsp;<a class=\"\" href=\"http:\/\/www.mikroelektronik.fraunhofer.de\/\">www.mikroelektronik.fraunhofer.de<\/a><br>E-Mail info@mikroelektronik.fraunhofer.de<br><\/p>\n\n\n\n<p>is a legally non-independent institution of the<br>Fraunhofer-Gesellschaft<br>for the advancement of applied research e.V.<br>Hansastra\u00dfe 27 c<br>80686 M\u00fcnchen<br><a href=\"http:\/\/www.fraunhofer.de\/\" class=\"\">www.fraunhofer.de<\/a><br><\/p>\n\n\n\n<p>Sales tax identification number according to \u00a7 27 a<br>Value Added Tax Act: DE 129515865<br><\/p>\n\n\n\n<h4 class=\"wp-block-heading\">Register court<\/h4>\n\n\n\n<p>Munich Local Court<br>Registered association<br>Register-No. VR 4461<br><\/p>\n\n\n\n<h4 class=\"wp-block-heading\">Editors in charge<\/h4>\n\n\n\n<p>J\u00f6rg Stephan (IT)<br>joerg.stephan@mikroelektronik.fraunhofer.de<br>Telefon +49 30 4005591-30<br><\/p>\n\n\n\n<h4 class=\"wp-block-heading\">Executive Board<\/h4>\n\n\n\n<p>Prof. Holger Hanselka | President<br>Prof. Constantin H\u00e4fner | Member of the executive board<br>Prof. Axel M\u00fcller-Groeling | Member of the executive board<br>Elisabeth Ewen | Member of the executive board<br>Dr. Sandra Krey | Member of the executive board<\/p>\n\n\n\n<h4 class=\"wp-block-heading\">Rights of use<\/h4>\n\n\n\n<p>Copyright \u00a9 by<br>Fraunhofer-Gesellschaft<\/p>\n\n\n\n<p>All rights reserved.<br>The copyright for this website is held in full by the Fraunhofer-Gesellschaft.<br><\/p>\n\n\n\n<p>Furthermore, downloading or printing is only permitted for the purpose of reporting on the Fraunhofer-Gesellschaft and its institutes in accordance with the terms of use below:<\/p>\n\n\n\n<p>Graphic changes to image motifs - except for cropping the main motif - are not permitted. The source must always be cited and two free specimen copies must be sent to the above address. Use is free of charge.<\/p>\n\n\n\n<h4 class=\"wp-block-heading\">Disclaimer:<\/h4>\n\n\n\n<p>We accept no liability for the content of external links. The operators of the linked pages are solely responsible for their content.<\/p>\n\n\n\n<p>We make every effort to ensure that the material contained in our web site is current, complete and correct. Nevertheless, the occurrence of errors cannot be completely ruled out. The Fraunhofer Institute and the Fraunhofer-Gesellschaft accept no liability for the topicality, accuracy or completeness of the information provided on this website. This refers to any material or non-material damage to third parties caused by the use of this website.<\/p>\n\n\n\n<p>As a rule, protected trademarks and names, images and texts are not identified as such on our pages. However, the absence of such identification does not mean that it is a free name, a free image or a free text within the meaning of trademark law.<\/p>","protected":false},"excerpt":{"rendered":"<p>Fraunhofer-Verbund MikroelektronikAnna-Louisa-Karsch-Str. 210178 BerlinInternet&nbsp;www.mikroelektronik.fraunhofer.deE-Mail info@mikroelektronik.fraunhofer.de ist eine rechtlich nicht selbst\u00e4ndige Einrichtung derFraunhofer-Gesellschaftzur F\u00f6rderung der angewandten Forschung e.V.Hansastra\u00dfe 27 c80686 M\u00fcnchenwww.fraunhofer.de Umsatzsteuer-Identifikationsnummer gem\u00e4\u00df \u00a7 27 aUmsatzsteuergesetz: DE 129515865 Registergericht Amtsgericht M\u00fcnchenEingetragener VereinRegister-Nr. VR 4461 Verantwortliche Redakteure J\u00f6rg Stephan (IT)joerg.stephan@mikroelektronik.fraunhofer.deTelefon +49 30&#8230;<\/p>","protected":false},"author":1,"featured_media":0,"parent":0,"menu_order":0,"comment_status":"closed","ping_status":"closed","template":"page-fullwidth.php","meta":{"_acf_changed":false,"footnotes":""},"class_list":["post-38","page","type-page","status-publish","hentry"],"acf":[],"yoast_head":"<!-- This site is optimized with the Yoast SEO plugin v27.4 - https:\/\/yoast.com\/product\/yoast-seo-wordpress\/ -->\n<title>Impressum<\/title>\n<meta name=\"description\" content=\"Besuchen Sie unser Impressum f\u00fcr rechtliche Hinweise, Kontaktinformationen und Angaben zum Anbieter der FMD-QNC Website.\" \/>\n<meta name=\"robots\" content=\"index, follow, max-snippet:-1, max-image-preview:large, max-video-preview:-1\" \/>\n<link rel=\"canonical\" href=\"https:\/\/www.module-qnc.de\/en\/impressum\/\" \/>\n<meta property=\"og:locale\" content=\"en_US\" \/>\n<meta property=\"og:type\" content=\"article\" \/>\n<meta property=\"og:title\" content=\"Impressum\" \/>\n<meta property=\"og:description\" content=\"Besuchen Sie unser Impressum f\u00fcr rechtliche Hinweise, Kontaktinformationen und Angaben zum Anbieter der FMD-QNC Website.\" \/>\n<meta property=\"og:url\" content=\"https:\/\/www.module-qnc.de\/en\/impressum\/\" \/>\n<meta property=\"og:site_name\" content=\"FMD-QNC\" \/>\n<meta property=\"article:modified_time\" content=\"2025-02-17T08:59:56+00:00\" \/>\n<meta name=\"twitter:card\" content=\"summary_large_image\" \/>\n<meta name=\"twitter:label1\" content=\"Est. reading time\" \/>\n\t<meta name=\"twitter:data1\" content=\"2 minutes\" \/>\n<script type=\"application\/ld+json\" class=\"yoast-schema-graph\">{\"@context\":\"https:\\\/\\\/schema.org\",\"@graph\":[{\"@type\":\"WebPage\",\"@id\":\"https:\\\/\\\/www.module-qnc.de\\\/impressum\\\/\",\"url\":\"https:\\\/\\\/www.module-qnc.de\\\/impressum\\\/\",\"name\":\"Impressum\",\"isPartOf\":{\"@id\":\"https:\\\/\\\/www.module-qnc.de\\\/#website\"},\"datePublished\":\"2023-01-17T09:28:06+00:00\",\"dateModified\":\"2025-02-17T08:59:56+00:00\",\"description\":\"Besuchen Sie unser Impressum f\u00fcr rechtliche Hinweise, Kontaktinformationen und Angaben zum Anbieter der FMD-QNC Website.\",\"breadcrumb\":{\"@id\":\"https:\\\/\\\/www.module-qnc.de\\\/impressum\\\/#breadcrumb\"},\"inLanguage\":\"en-US\",\"potentialAction\":[{\"@type\":\"ReadAction\",\"target\":[\"https:\\\/\\\/www.module-qnc.de\\\/impressum\\\/\"]}]},{\"@type\":\"BreadcrumbList\",\"@id\":\"https:\\\/\\\/www.module-qnc.de\\\/impressum\\\/#breadcrumb\",\"itemListElement\":[{\"@type\":\"ListItem\",\"position\":1,\"name\":\"Startseite\",\"item\":\"https:\\\/\\\/www.module-qnc.de\\\/\"},{\"@type\":\"ListItem\",\"position\":2,\"name\":\"Impressum\"}]},{\"@type\":\"WebSite\",\"@id\":\"https:\\\/\\\/www.module-qnc.de\\\/#website\",\"url\":\"https:\\\/\\\/www.module-qnc.de\\\/\",\"name\":\"FMD-QNC\",\"description\":\"FMD-Modul Quantencomputing und neuromorphes Computing\",\"publisher\":{\"@id\":\"https:\\\/\\\/www.module-qnc.de\\\/#organization\"},\"potentialAction\":[{\"@type\":\"SearchAction\",\"target\":{\"@type\":\"EntryPoint\",\"urlTemplate\":\"https:\\\/\\\/www.module-qnc.de\\\/?s={search_term_string}\"},\"query-input\":{\"@type\":\"PropertyValueSpecification\",\"valueRequired\":true,\"valueName\":\"search_term_string\"}}],\"inLanguage\":\"en-US\"},{\"@type\":\"Organization\",\"@id\":\"https:\\\/\\\/www.module-qnc.de\\\/#organization\",\"name\":\"FMD-QNC\",\"url\":\"https:\\\/\\\/www.module-qnc.de\\\/\",\"logo\":{\"@type\":\"ImageObject\",\"inLanguage\":\"en-US\",\"@id\":\"https:\\\/\\\/www.module-qnc.de\\\/#\\\/schema\\\/logo\\\/image\\\/\",\"url\":\"https:\\\/\\\/www.module-qnc.de\\\/wp-content\\\/uploads\\\/2023\\\/01\\\/221117-loewn_fmd_qnc_logo-1.png\",\"contentUrl\":\"https:\\\/\\\/www.module-qnc.de\\\/wp-content\\\/uploads\\\/2023\\\/01\\\/221117-loewn_fmd_qnc_logo-1.png\",\"width\":4096,\"height\":893,\"caption\":\"FMD-QNC\"},\"image\":{\"@id\":\"https:\\\/\\\/www.module-qnc.de\\\/#\\\/schema\\\/logo\\\/image\\\/\"}}]}<\/script>\n<!-- \/ Yoast SEO plugin. -->","yoast_head_json":{"title":"Imprint","description":"Visit our legal notice for legal information, contact information and details of the provider of the FMD-QNC website.","robots":{"index":"index","follow":"follow","max-snippet":"max-snippet:-1","max-image-preview":"max-image-preview:large","max-video-preview":"max-video-preview:-1"},"canonical":"https:\/\/www.module-qnc.de\/en\/impressum\/","og_locale":"en_US","og_type":"article","og_title":"Impressum","og_description":"Besuchen Sie unser Impressum f\u00fcr rechtliche Hinweise, Kontaktinformationen und Angaben zum Anbieter der FMD-QNC Website.","og_url":"https:\/\/www.module-qnc.de\/en\/impressum\/","og_site_name":"FMD-QNC","article_modified_time":"2025-02-17T08:59:56+00:00","twitter_card":"summary_large_image","twitter_misc":{"Est. reading time":"2 minutes"},"schema":{"@context":"https:\/\/schema.org","@graph":[{"@type":"WebPage","@id":"https:\/\/www.module-qnc.de\/impressum\/","url":"https:\/\/www.module-qnc.de\/impressum\/","name":"Imprint","isPartOf":{"@id":"https:\/\/www.module-qnc.de\/#website"},"datePublished":"2023-01-17T09:28:06+00:00","dateModified":"2025-02-17T08:59:56+00:00","description":"Visit our legal notice for legal information, contact information and details of the provider of the FMD-QNC website.","breadcrumb":{"@id":"https:\/\/www.module-qnc.de\/impressum\/#breadcrumb"},"inLanguage":"en-US","potentialAction":[{"@type":"ReadAction","target":["https:\/\/www.module-qnc.de\/impressum\/"]}]},{"@type":"BreadcrumbList","@id":"https:\/\/www.module-qnc.de\/impressum\/#breadcrumb","itemListElement":[{"@type":"ListItem","position":1,"name":"Startseite","item":"https:\/\/www.module-qnc.de\/"},{"@type":"ListItem","position":2,"name":"Impressum"}]},{"@type":"WebSite","@id":"https:\/\/www.module-qnc.de\/#website","url":"https:\/\/www.module-qnc.de\/","name":"FMD-QNC","description":"FMD-Module\nQuantum and Neuromorphic Computing","publisher":{"@id":"https:\/\/www.module-qnc.de\/#organization"},"potentialAction":[{"@type":"SearchAction","target":{"@type":"EntryPoint","urlTemplate":"https:\/\/www.module-qnc.de\/?s={search_term_string}"},"query-input":{"@type":"PropertyValueSpecification","valueRequired":true,"valueName":"search_term_string"}}],"inLanguage":"en-US"},{"@type":"Organization","@id":"https:\/\/www.module-qnc.de\/#organization","name":"FMD-QNC","url":"https:\/\/www.module-qnc.de\/","logo":{"@type":"ImageObject","inLanguage":"en-US","@id":"https:\/\/www.module-qnc.de\/#\/schema\/logo\/image\/","url":"https:\/\/www.module-qnc.de\/wp-content\/uploads\/2023\/01\/221117-loewn_fmd_qnc_logo-1.png","contentUrl":"https:\/\/www.module-qnc.de\/wp-content\/uploads\/2023\/01\/221117-loewn_fmd_qnc_logo-1.png","width":4096,"height":893,"caption":"FMD-QNC"},"image":{"@id":"https:\/\/www.module-qnc.de\/#\/schema\/logo\/image\/"}}]}},"_links":{"self":[{"href":"https:\/\/www.module-qnc.de\/en\/wp-json\/wp\/v2\/pages\/38","targetHints":{"allow":["GET"]}}],"collection":[{"href":"https:\/\/www.module-qnc.de\/en\/wp-json\/wp\/v2\/pages"}],"about":[{"href":"https:\/\/www.module-qnc.de\/en\/wp-json\/wp\/v2\/types\/page"}],"author":[{"embeddable":true,"href":"https:\/\/www.module-qnc.de\/en\/wp-json\/wp\/v2\/users\/1"}],"replies":[{"embeddable":true,"href":"https:\/\/www.module-qnc.de\/en\/wp-json\/wp\/v2\/comments?post=38"}],"version-history":[{"count":6,"href":"https:\/\/www.module-qnc.de\/en\/wp-json\/wp\/v2\/pages\/38\/revisions"}],"predecessor-version":[{"id":3047,"href":"https:\/\/www.module-qnc.de\/en\/wp-json\/wp\/v2\/pages\/38\/revisions\/3047"}],"wp:attachment":[{"href":"https:\/\/www.module-qnc.de\/en\/wp-json\/wp\/v2\/media?parent=38"}],"curies":[{"name":"wp","href":"https:\/\/api.w.org\/{rel}","templated":true}]}}