{"id":2710,"date":"2025-05-14T11:10:11","date_gmt":"2025-05-14T09:10:11","guid":{"rendered":"https:\/\/www.module-qnc.de\/?page_id=2710"},"modified":"2025-05-14T11:15:08","modified_gmt":"2025-05-14T09:15:08","slug":"qnc-space-rueckblick","status":"publish","type":"page","link":"https:\/\/www.module-qnc.de\/en\/qnc-space-rueckblick\/","title":{"rendered":"\u00bbQNC Space\u00ab &#8211; ein R\u00fcckblick"},"content":{"rendered":"<p><\/p>\n\n\n\n<p>Das vom Bundesministerium f\u00fcr Bildung und Forschung (BMBF)<strong> <\/strong>gef\u00f6rderte Projekt<strong> \"QNC Space\" <\/strong>\u2013 der Deep Tech Accelerator f\u00fcr Forschungsgruppen, Start-ups und KMU \u2013 ist erfolgreich zu Ende gegangen. Die letzte Bewerbungsrunde wurde am 31. Oktober 2024 abgeschlossen.<\/p>\n\n\n\n<p>Im Rahmen des Projekts konnten zahlreiche innovative Vorhaben im Bereich Quanten- und neuromorphen Computing unterst\u00fctzt und entscheidend vorangebracht werden. Der QNC Space bot eine einzigartige Plattform, um Forschungsgruppen, Gr\u00fcnder:innen und KMU mit der Infrastruktur der Forschungsfabrik Mikroelektronik Deutschland (FMD) und den FMD-QNC-Partnern zu vernetzen.<\/p>\n\n\n\n<h3 class=\"wp-block-heading\">Technological support and scientific progress<\/h3>\n\n\n\n<p>Jedes der gef\u00f6rderten Projekte widmete sich einer spezifischen technologischen Fragestellung. Dank einer umfassenden Technologieberatung, der Nutzung hochmoderner Maschinen und Anlagen sowie ma\u00dfgeschneiderter Prozessentwicklung konnten Machbarkeitsstudien erfolgreich abgeschlossen werden.<\/p>\n\n\n\n<h3 class=\"wp-block-heading\">Wide range of topics<\/h3>\n\n\n\n<p>The spectrum of funded topics ranged from superconducting and ion trap-based quantum computing to cryogenics and assembly and connection technologies. Among other things, materials were tested, structures manufactured and demonstrators built.<\/p>\n\n\n\n<h3 class=\"wp-block-heading\">Strong partnerships and networking<\/h3>\n\n\n\n<p>The involvement of industry partners and collaboration within the FMD-QNC consortium made it possible to create synergies and expand networks. The high innovative strength of the submitted project ideas and their potential added value for research and development in Germany was particularly impressive.<\/p>\n\n\n\n<p>Mit dem Abschluss des QNC Space endet ein Kapitel, das entscheidend zur Weiterentwicklung des Quanten- und neuromorphen Computings beigetragen hat. Wir danken allen Beteiligten f\u00fcr ihr Engagement und ihre zukunftsweisenden Ideen!<\/p>\n\n\n\n<hr class=\"wp-block-separator has-alpha-channel-opacity\"\/>\n\n\n\n<h3 class=\"wp-block-heading has-text-align-left\">QNC Space pilot project: production of ion traps using selective laser etching and laser polishing<\/h3>\n\n\n\n<p><\/p>\n\n\n\n<figure class=\"wp-block-gallery has-nested-images columns-default is-cropped wp-block-gallery-1 is-layout-flex wp-block-gallery-is-layout-flex\">\n<figure class=\"wp-block-image size-large is-style-default\"><a href=\"https:\/\/www.module-qnc.de\/en\/pilotprojekt-qnc-space-ionenfallen\/\"><img loading=\"lazy\" decoding=\"async\" width=\"1598\" height=\"899\" data-id=\"2736\" src=\"https:\/\/www.module-qnc.de\/wp-content\/uploads\/2024\/11\/Gen1Trap-edited.jpg\" alt=\"\" class=\"wp-image-2736\" srcset=\"https:\/\/www.module-qnc.de\/wp-content\/uploads\/2024\/11\/Gen1Trap-edited.jpg 1598w, https:\/\/www.module-qnc.de\/wp-content\/uploads\/2024\/11\/Gen1Trap-edited-300x169.jpg 300w, https:\/\/www.module-qnc.de\/wp-content\/uploads\/2024\/11\/Gen1Trap-edited-1024x576.jpg 1024w, https:\/\/www.module-qnc.de\/wp-content\/uploads\/2024\/11\/Gen1Trap-edited-768x432.jpg 768w, https:\/\/www.module-qnc.de\/wp-content\/uploads\/2024\/11\/Gen1Trap-edited-1536x864.jpg 1536w, https:\/\/www.module-qnc.de\/wp-content\/uploads\/2024\/11\/Gen1Trap-edited-18x10.jpg 18w\" sizes=\"auto, (max-width: 1598px) 100vw, 1598px\" \/><\/a><figcaption class=\"wp-element-caption\">\u00a9 AG Schmidt-Kaler, JGU Mainz<\/figcaption><\/figure>\n<\/figure>\n\n\n\n<p><\/p>\n\n\n\n<div class=\"wp-block-buttons is-content-justification-center is-layout-flex wp-container-core-buttons-is-layout-16018d1d wp-block-buttons-is-layout-flex\">\n<div class=\"wp-block-button has-custom-width wp-block-button__width-75\"><a class=\"wp-block-button__link has-background wp-element-button\" href=\"https:\/\/www.module-qnc.de\/en\/pilotprojekt-qnc-space-ionenfallen\/\" style=\"background-color:#009374\">Zum Pilotprojekt<\/a><\/div>\n<\/div>\n\n\n\n<hr class=\"wp-block-separator has-alpha-channel-opacity\"\/>\n\n\n\n<h3 class=\"wp-block-heading has-text-align-left\">Weitere Projekte des QNC Space<\/h3>\n\n\n\n<p class=\"has-text-align-left\">Beim<strong> <\/strong>\u00bbQNC Summit\u00ab 2024 und 2025<strong> <\/strong>&nbsp;haben die Space-Teilnehmer:innen in Poster Sessions ihre Arbeit pr\u00e4sentiert.<\/p>\n\n\n\n<ul class=\"wp-block-list\">\n<li><a href=\"https:\/\/www.module-qnc.de\/en\/poster-qnc-space-projekte\/\">Poster-Session 2024<\/a><\/li>\n\n\n\n<li><a href=\"https:\/\/www.module-qnc.de\/en\/qnc-space-poster-2025\/\">Poster-Session 2025<\/a><\/li>\n<\/ul>\n\n\n\n<p><\/p>\n\n\n\n<hr class=\"wp-block-separator has-alpha-channel-opacity\"\/>\n\n\n\n<div class=\"wp-block-columns is-layout-flex wp-container-core-columns-is-layout-9d6595d7 wp-block-columns-is-layout-flex\">\n<div class=\"wp-block-column is-layout-flow wp-block-column-is-layout-flow\">\n<figure class=\"wp-block-image size-large\"><img loading=\"lazy\" decoding=\"async\" width=\"1024\" height=\"450\" src=\"https:\/\/www.module-qnc.de\/wp-content\/uploads\/2023\/02\/fmd-logo.1440.1920-1024x450.png\" alt=\"Logo FMD (Forschungsfabrik Mikroelektronik Deutschland)\" class=\"wp-image-392\" srcset=\"https:\/\/www.module-qnc.de\/wp-content\/uploads\/2023\/02\/fmd-logo.1440.1920-1024x450.png 1024w, https:\/\/www.module-qnc.de\/wp-content\/uploads\/2023\/02\/fmd-logo.1440.1920-300x132.png 300w, https:\/\/www.module-qnc.de\/wp-content\/uploads\/2023\/02\/fmd-logo.1440.1920-768x338.png 768w, https:\/\/www.module-qnc.de\/wp-content\/uploads\/2023\/02\/fmd-logo.1440.1920.png 1440w\" sizes=\"auto, (max-width: 1024px) 100vw, 1024px\" \/><\/figure>\n<\/div>\n\n\n\n<div class=\"wp-block-column is-layout-flow wp-block-column-is-layout-flow\">\n<figure class=\"wp-block-image size-full is-resized\"><img loading=\"lazy\" decoding=\"async\" width=\"800\" height=\"568\" src=\"https:\/\/www.module-qnc.de\/wp-content\/uploads\/2023\/11\/BMBF-logo-en.jpg\" alt=\"Logo F\u00f6rdermittelgeber Bundesministerium f\u00fcr Bildung und Forschung\" class=\"wp-image-550\" style=\"width:244px;height:auto\" srcset=\"https:\/\/www.module-qnc.de\/wp-content\/uploads\/2023\/11\/BMBF-logo-en.jpg 945w, https:\/\/www.module-qnc.de\/wp-content\/uploads\/2023\/11\/BMBF-logo-en-300x206.jpg 300w, https:\/\/www.module-qnc.de\/wp-content\/uploads\/2023\/11\/BMBF-logo-en-768x528.jpg 768w, https:\/\/www.module-qnc.de\/wp-content\/uploads\/2023\/11\/BMBF-logo-en-18x12.jpg 18w\" sizes=\"auto, (max-width: 800px) 100vw, 800px\" \/><\/figure>\n<\/div>\n<\/div>\n\n\n\n<p><\/p>","protected":false},"excerpt":{"rendered":"<p>Das vom Bundesministerium f\u00fcr Bildung und Forschung (BMBF) gef\u00f6rderte Projekt \u00bbQNC Space\u00ab \u2013 der Deep Tech Accelerator f\u00fcr Forschungsgruppen, Start-ups und KMU \u2013 ist erfolgreich zu Ende gegangen. Die letzte Bewerbungsrunde wurde am 31. Oktober 2024 abgeschlossen. Im Rahmen des&#8230;<\/p>","protected":false},"author":8,"featured_media":818,"parent":0,"menu_order":0,"comment_status":"closed","ping_status":"closed","template":"","meta":{"_acf_changed":false,"footnotes":""},"class_list":["post-2710","page","type-page","status-publish","has-post-thumbnail","hentry"],"acf":[],"yoast_head":"<!-- This site is optimized with the Yoast SEO plugin v27.5 - https:\/\/yoast.com\/product\/yoast-seo-wordpress\/ -->\n<title>\u00bbQNC Space\u00ab - ein R\u00fcckblick - FMD-QNC<\/title>\n<meta name=\"robots\" content=\"index, follow, max-snippet:-1, max-image-preview:large, max-video-preview:-1\" \/>\n<link rel=\"canonical\" href=\"https:\/\/www.module-qnc.de\/en\/qnc-space-rueckblick\/\" \/>\n<meta property=\"og:locale\" content=\"en_US\" \/>\n<meta property=\"og:type\" content=\"article\" \/>\n<meta property=\"og:title\" content=\"\u00bbQNC Space\u00ab - ein R\u00fcckblick - FMD-QNC\" \/>\n<meta property=\"og:description\" content=\"Das vom Bundesministerium f\u00fcr Bildung und Forschung (BMBF) gef\u00f6rderte Projekt \u00bbQNC Space\u00ab \u2013 der Deep Tech Accelerator f\u00fcr Forschungsgruppen, Start-ups und KMU \u2013 ist erfolgreich zu Ende gegangen. Die letzte Bewerbungsrunde wurde am 31. Oktober 2024 abgeschlossen. Im Rahmen des...\" \/>\n<meta property=\"og:url\" content=\"https:\/\/www.module-qnc.de\/en\/qnc-space-rueckblick\/\" \/>\n<meta property=\"og:site_name\" content=\"FMD-QNC\" \/>\n<meta property=\"article:modified_time\" content=\"2025-05-14T09:15:08+00:00\" \/>\n<meta property=\"og:image\" content=\"https:\/\/www.module-qnc.de\/wp-content\/uploads\/2023\/09\/fmd-qnc-space-bewerbung.jpg\" \/>\n\t<meta property=\"og:image:width\" content=\"1920\" \/>\n\t<meta property=\"og:image:height\" content=\"606\" \/>\n\t<meta property=\"og:image:type\" content=\"image\/jpeg\" \/>\n<meta name=\"twitter:card\" content=\"summary_large_image\" \/>\n<meta name=\"twitter:label1\" content=\"Est. reading time\" \/>\n\t<meta name=\"twitter:data1\" content=\"3 minutes\" \/>\n<script type=\"application\/ld+json\" class=\"yoast-schema-graph\">{\"@context\":\"https:\\\/\\\/schema.org\",\"@graph\":[{\"@type\":\"WebPage\",\"@id\":\"https:\\\/\\\/www.module-qnc.de\\\/qnc-space-rueckblick\\\/\",\"url\":\"https:\\\/\\\/www.module-qnc.de\\\/qnc-space-rueckblick\\\/\",\"name\":\"\u00bbQNC Space\u00ab - ein R\u00fcckblick - FMD-QNC\",\"isPartOf\":{\"@id\":\"https:\\\/\\\/www.module-qnc.de\\\/#website\"},\"primaryImageOfPage\":{\"@id\":\"https:\\\/\\\/www.module-qnc.de\\\/qnc-space-rueckblick\\\/#primaryimage\"},\"image\":{\"@id\":\"https:\\\/\\\/www.module-qnc.de\\\/qnc-space-rueckblick\\\/#primaryimage\"},\"thumbnailUrl\":\"https:\\\/\\\/www.module-qnc.de\\\/wp-content\\\/uploads\\\/2023\\\/09\\\/fmd-qnc-space-bewerbung.jpg\",\"datePublished\":\"2025-05-14T09:10:11+00:00\",\"dateModified\":\"2025-05-14T09:15:08+00:00\",\"breadcrumb\":{\"@id\":\"https:\\\/\\\/www.module-qnc.de\\\/qnc-space-rueckblick\\\/#breadcrumb\"},\"inLanguage\":\"en-US\",\"potentialAction\":[{\"@type\":\"ReadAction\",\"target\":[\"https:\\\/\\\/www.module-qnc.de\\\/qnc-space-rueckblick\\\/\"]}]},{\"@type\":\"ImageObject\",\"inLanguage\":\"en-US\",\"@id\":\"https:\\\/\\\/www.module-qnc.de\\\/qnc-space-rueckblick\\\/#primaryimage\",\"url\":\"https:\\\/\\\/www.module-qnc.de\\\/wp-content\\\/uploads\\\/2023\\\/09\\\/fmd-qnc-space-bewerbung.jpg\",\"contentUrl\":\"https:\\\/\\\/www.module-qnc.de\\\/wp-content\\\/uploads\\\/2023\\\/09\\\/fmd-qnc-space-bewerbung.jpg\",\"width\":1920,\"height\":606,\"caption\":\"Logo QNC Space auf gelb-orangenem Hintergrund\"},{\"@type\":\"BreadcrumbList\",\"@id\":\"https:\\\/\\\/www.module-qnc.de\\\/qnc-space-rueckblick\\\/#breadcrumb\",\"itemListElement\":[{\"@type\":\"ListItem\",\"position\":1,\"name\":\"Startseite\",\"item\":\"https:\\\/\\\/www.module-qnc.de\\\/\"},{\"@type\":\"ListItem\",\"position\":2,\"name\":\"\u00bbQNC Space\u00ab &#8211; ein R\u00fcckblick\"}]},{\"@type\":\"WebSite\",\"@id\":\"https:\\\/\\\/www.module-qnc.de\\\/#website\",\"url\":\"https:\\\/\\\/www.module-qnc.de\\\/\",\"name\":\"FMD-QNC\",\"description\":\"FMD-Modul Quantencomputing und neuromorphes Computing\",\"publisher\":{\"@id\":\"https:\\\/\\\/www.module-qnc.de\\\/#organization\"},\"potentialAction\":[{\"@type\":\"SearchAction\",\"target\":{\"@type\":\"EntryPoint\",\"urlTemplate\":\"https:\\\/\\\/www.module-qnc.de\\\/?s={search_term_string}\"},\"query-input\":{\"@type\":\"PropertyValueSpecification\",\"valueRequired\":true,\"valueName\":\"search_term_string\"}}],\"inLanguage\":\"en-US\"},{\"@type\":\"Organization\",\"@id\":\"https:\\\/\\\/www.module-qnc.de\\\/#organization\",\"name\":\"FMD-QNC\",\"url\":\"https:\\\/\\\/www.module-qnc.de\\\/\",\"logo\":{\"@type\":\"ImageObject\",\"inLanguage\":\"en-US\",\"@id\":\"https:\\\/\\\/www.module-qnc.de\\\/#\\\/schema\\\/logo\\\/image\\\/\",\"url\":\"https:\\\/\\\/www.module-qnc.de\\\/wp-content\\\/uploads\\\/2023\\\/01\\\/221117-loewn_fmd_qnc_logo-1.png\",\"contentUrl\":\"https:\\\/\\\/www.module-qnc.de\\\/wp-content\\\/uploads\\\/2023\\\/01\\\/221117-loewn_fmd_qnc_logo-1.png\",\"width\":4096,\"height\":893,\"caption\":\"FMD-QNC\"},\"image\":{\"@id\":\"https:\\\/\\\/www.module-qnc.de\\\/#\\\/schema\\\/logo\\\/image\\\/\"}}]}<\/script>\n<!-- \/ Yoast SEO plugin. -->","yoast_head_json":{"title":"\u00bbQNC Space\u00ab - ein R\u00fcckblick - FMD-QNC","robots":{"index":"index","follow":"follow","max-snippet":"max-snippet:-1","max-image-preview":"max-image-preview:large","max-video-preview":"max-video-preview:-1"},"canonical":"https:\/\/www.module-qnc.de\/en\/qnc-space-rueckblick\/","og_locale":"en_US","og_type":"article","og_title":"\u00bbQNC Space\u00ab - ein R\u00fcckblick - FMD-QNC","og_description":"Das vom Bundesministerium f\u00fcr Bildung und Forschung (BMBF) gef\u00f6rderte Projekt \u00bbQNC Space\u00ab \u2013 der Deep Tech Accelerator f\u00fcr Forschungsgruppen, Start-ups und KMU \u2013 ist erfolgreich zu Ende gegangen. Die letzte Bewerbungsrunde wurde am 31. Oktober 2024 abgeschlossen. Im Rahmen des...","og_url":"https:\/\/www.module-qnc.de\/en\/qnc-space-rueckblick\/","og_site_name":"FMD-QNC","article_modified_time":"2025-05-14T09:15:08+00:00","og_image":[{"width":1920,"height":606,"url":"https:\/\/www.module-qnc.de\/wp-content\/uploads\/2023\/09\/fmd-qnc-space-bewerbung.jpg","type":"image\/jpeg"}],"twitter_card":"summary_large_image","twitter_misc":{"Est. reading time":"3 minutes"},"schema":{"@context":"https:\/\/schema.org","@graph":[{"@type":"WebPage","@id":"https:\/\/www.module-qnc.de\/qnc-space-rueckblick\/","url":"https:\/\/www.module-qnc.de\/qnc-space-rueckblick\/","name":"\u00bbQNC Space\u00ab - ein R\u00fcckblick - FMD-QNC","isPartOf":{"@id":"https:\/\/www.module-qnc.de\/#website"},"primaryImageOfPage":{"@id":"https:\/\/www.module-qnc.de\/qnc-space-rueckblick\/#primaryimage"},"image":{"@id":"https:\/\/www.module-qnc.de\/qnc-space-rueckblick\/#primaryimage"},"thumbnailUrl":"https:\/\/www.module-qnc.de\/wp-content\/uploads\/2023\/09\/fmd-qnc-space-bewerbung.jpg","datePublished":"2025-05-14T09:10:11+00:00","dateModified":"2025-05-14T09:15:08+00:00","breadcrumb":{"@id":"https:\/\/www.module-qnc.de\/qnc-space-rueckblick\/#breadcrumb"},"inLanguage":"en-US","potentialAction":[{"@type":"ReadAction","target":["https:\/\/www.module-qnc.de\/qnc-space-rueckblick\/"]}]},{"@type":"ImageObject","inLanguage":"en-US","@id":"https:\/\/www.module-qnc.de\/qnc-space-rueckblick\/#primaryimage","url":"https:\/\/www.module-qnc.de\/wp-content\/uploads\/2023\/09\/fmd-qnc-space-bewerbung.jpg","contentUrl":"https:\/\/www.module-qnc.de\/wp-content\/uploads\/2023\/09\/fmd-qnc-space-bewerbung.jpg","width":1920,"height":606,"caption":"Logo QNC Space auf gelb-orangenem Hintergrund"},{"@type":"BreadcrumbList","@id":"https:\/\/www.module-qnc.de\/qnc-space-rueckblick\/#breadcrumb","itemListElement":[{"@type":"ListItem","position":1,"name":"Startseite","item":"https:\/\/www.module-qnc.de\/"},{"@type":"ListItem","position":2,"name":"\u00bbQNC Space\u00ab &#8211; ein R\u00fcckblick"}]},{"@type":"WebSite","@id":"https:\/\/www.module-qnc.de\/#website","url":"https:\/\/www.module-qnc.de\/","name":"FMD-QNC","description":"FMD-Module\nQuantum and Neuromorphic Computing","publisher":{"@id":"https:\/\/www.module-qnc.de\/#organization"},"potentialAction":[{"@type":"SearchAction","target":{"@type":"EntryPoint","urlTemplate":"https:\/\/www.module-qnc.de\/?s={search_term_string}"},"query-input":{"@type":"PropertyValueSpecification","valueRequired":true,"valueName":"search_term_string"}}],"inLanguage":"en-US"},{"@type":"Organization","@id":"https:\/\/www.module-qnc.de\/#organization","name":"FMD-QNC","url":"https:\/\/www.module-qnc.de\/","logo":{"@type":"ImageObject","inLanguage":"en-US","@id":"https:\/\/www.module-qnc.de\/#\/schema\/logo\/image\/","url":"https:\/\/www.module-qnc.de\/wp-content\/uploads\/2023\/01\/221117-loewn_fmd_qnc_logo-1.png","contentUrl":"https:\/\/www.module-qnc.de\/wp-content\/uploads\/2023\/01\/221117-loewn_fmd_qnc_logo-1.png","width":4096,"height":893,"caption":"FMD-QNC"},"image":{"@id":"https:\/\/www.module-qnc.de\/#\/schema\/logo\/image\/"}}]}},"_links":{"self":[{"href":"https:\/\/www.module-qnc.de\/en\/wp-json\/wp\/v2\/pages\/2710","targetHints":{"allow":["GET"]}}],"collection":[{"href":"https:\/\/www.module-qnc.de\/en\/wp-json\/wp\/v2\/pages"}],"about":[{"href":"https:\/\/www.module-qnc.de\/en\/wp-json\/wp\/v2\/types\/page"}],"author":[{"embeddable":true,"href":"https:\/\/www.module-qnc.de\/en\/wp-json\/wp\/v2\/users\/8"}],"replies":[{"embeddable":true,"href":"https:\/\/www.module-qnc.de\/en\/wp-json\/wp\/v2\/comments?post=2710"}],"version-history":[{"count":43,"href":"https:\/\/www.module-qnc.de\/en\/wp-json\/wp\/v2\/pages\/2710\/revisions"}],"predecessor-version":[{"id":3367,"href":"https:\/\/www.module-qnc.de\/en\/wp-json\/wp\/v2\/pages\/2710\/revisions\/3367"}],"wp:featuredmedia":[{"embeddable":true,"href":"https:\/\/www.module-qnc.de\/en\/wp-json\/wp\/v2\/media\/818"}],"wp:attachment":[{"href":"https:\/\/www.module-qnc.de\/en\/wp-json\/wp\/v2\/media?parent=2710"}],"curies":[{"name":"wp","href":"https:\/\/api.w.org\/{rel}","templated":true}]}}