{"id":2238,"date":"2024-06-05T14:56:09","date_gmt":"2024-06-05T12:56:09","guid":{"rendered":"https:\/\/www.module-qnc.de\/?page_id=2238"},"modified":"2024-06-26T13:42:20","modified_gmt":"2024-06-26T11:42:20","slug":"teststartseite","status":"publish","type":"page","link":"https:\/\/www.module-qnc.de\/en\/teststartseite\/","title":{"rendered":"Quantum and neuromorphic computing"},"content":{"rendered":"<p><\/p>\n\n\n\n<h3 class=\"wp-block-heading\" style=\"font-style:normal;font-weight:300\">Entwicklung der zuk\u00fcnftigen Hardware-Basis f\u00fcr neue Rechentechnologien<\/h3>\n\n\n\n<p>Hier b\u00fcndeln wir die Forschung und Entwicklung in Deutschland zu Quanten- und neuromorphem Computing. Wir unterst\u00fctzen Start-ups, KMU und Industrie bei der Entwicklung von Prototypen und skalierbaren Fertigungs- und Integrationsverfahren f\u00fcr die neuen Rechentechnologien. Entdecken Sie die Innovationskraft der \u00bbForschungsfabrik Mikroelektronik Deutschland \u2013 Module Quanten- und neuromorphes Computing\u00ab (FMD-QNC).<\/p>\n\n\n\n<div style=\"height:12px\" aria-hidden=\"true\" class=\"wp-block-spacer\"><\/div>\n\n\n\n<div class=\"wp-block-columns is-layout-flex wp-container-core-columns-is-layout-9d6595d7 wp-block-columns-is-layout-flex\">\n<div class=\"wp-block-column box-2 pseudo has-background is-layout-flow wp-block-column-is-layout-flow\" style=\"background:radial-gradient(rgb(47,110,120) 0%,rgb(64,143,156) 100%)\">\n<figure class=\"wp-block-image size-full\"><a href=\"https:\/\/www.module-qnc.de\/en\/technologieangebot\/\"><img loading=\"lazy\" decoding=\"async\" width=\"3840\" height=\"2160\" src=\"https:\/\/www.module-qnc.de\/wp-content\/uploads\/2024\/06\/221026-loewn_fmd_fbh_reinraumfilm_stills_3.png\" alt=\"Arbeit im Labor f\u00fcr Quanten- und neuromorphes Computing \" class=\"wp-image-2268\" style=\"aspect-ratio:16\/9;object-fit:cover\" srcset=\"https:\/\/www.module-qnc.de\/wp-content\/uploads\/2024\/06\/221026-loewn_fmd_fbh_reinraumfilm_stills_3.png 3840w, https:\/\/www.module-qnc.de\/wp-content\/uploads\/2024\/06\/221026-loewn_fmd_fbh_reinraumfilm_stills_3-300x169.png 300w, https:\/\/www.module-qnc.de\/wp-content\/uploads\/2024\/06\/221026-loewn_fmd_fbh_reinraumfilm_stills_3-1024x576.png 1024w, https:\/\/www.module-qnc.de\/wp-content\/uploads\/2024\/06\/221026-loewn_fmd_fbh_reinraumfilm_stills_3-768x432.png 768w, https:\/\/www.module-qnc.de\/wp-content\/uploads\/2024\/06\/221026-loewn_fmd_fbh_reinraumfilm_stills_3-1536x864.png 1536w, https:\/\/www.module-qnc.de\/wp-content\/uploads\/2024\/06\/221026-loewn_fmd_fbh_reinraumfilm_stills_3-2048x1152.png 2048w, https:\/\/www.module-qnc.de\/wp-content\/uploads\/2024\/06\/221026-loewn_fmd_fbh_reinraumfilm_stills_3-18x10.png 18w\" sizes=\"auto, (max-width: 3840px) 100vw, 3840px\" \/><\/a><\/figure>\n\n\n\n<p class=\"has-text-align-center has-white-color has-text-color has-link-color wp-elements-e3ef8b787f2fc49b46ffa944972be333\" style=\"font-style:normal;font-weight:300\">Technologieportfolio<\/p>\n\n\n\n<h2 class=\"wp-block-heading has-text-align-center wenig-padding has-white-color has-text-color has-link-color wp-elements-610a0dd7b78d7bd979856bdc6c42b4af\" style=\"font-style:normal;font-weight:300;text-transform:uppercase\"><a href=\"https:\/\/www.module-qnc.de\/en\/technologieangebot\/\">Services<\/a><\/h2>\n\n\n\n<div style=\"height:20px\" aria-hidden=\"true\" class=\"wp-block-spacer\"><\/div>\n<\/div>\n\n\n\n<div class=\"wp-block-column box-2 pseudo has-background is-layout-flow wp-block-column-is-layout-flow\" style=\"background:radial-gradient(rgb(47,110,120) 0%,rgb(64,143,156) 100%)\">\n<figure class=\"wp-block-image size-full\"><img loading=\"lazy\" decoding=\"async\" width=\"1920\" height=\"1080\" src=\"https:\/\/www.module-qnc.de\/wp-content\/uploads\/2023\/05\/fmd-qnc-space.jpg\" alt=\"Logo QNC Space auf gelb-orangenem Hintergrund\" class=\"wp-image-595\" style=\"aspect-ratio:16\/9;object-fit:cover\" srcset=\"https:\/\/www.module-qnc.de\/wp-content\/uploads\/2023\/05\/fmd-qnc-space.jpg 1920w, https:\/\/www.module-qnc.de\/wp-content\/uploads\/2023\/05\/fmd-qnc-space-300x169.jpg 300w, https:\/\/www.module-qnc.de\/wp-content\/uploads\/2023\/05\/fmd-qnc-space-1024x576.jpg 1024w, https:\/\/www.module-qnc.de\/wp-content\/uploads\/2023\/05\/fmd-qnc-space-768x432.jpg 768w, https:\/\/www.module-qnc.de\/wp-content\/uploads\/2023\/05\/fmd-qnc-space-1536x864.jpg 1536w\" sizes=\"auto, (max-width: 1920px) 100vw, 1920px\" \/><\/figure>\n\n\n\n<p class=\"has-text-align-center wenig-padding has-white-color has-text-color has-link-color wp-elements-9466b2a0ccf5714b47bc753b355298c7\" style=\"font-style:normal;font-weight:300\">F\u00f6rderung f\u00fcr Startups und KMU<\/p>\n\n\n\n<h2 class=\"wp-block-heading has-text-align-center has-white-color has-text-color has-link-color wp-elements-07641b0e046aa4c79dfc277d6c2aba96\" style=\"font-style:normal;font-weight:300\"><a href=\"https:\/\/www.module-qnc.de\/en\/qnc-space\/\">QNC Space<\/a><\/h2>\n\n\n\n<div style=\"height:20px\" aria-hidden=\"true\" class=\"wp-block-spacer\"><\/div>\n<\/div>\n\n\n\n<div class=\"wp-block-column box-2 pseudo has-background is-layout-flow wp-block-column-is-layout-flow\" style=\"background:radial-gradient(rgb(47,110,120) 0%,rgb(64,143,156) 100%)\">\n<figure class=\"wp-block-image size-full\"><a href=\"https:\/\/www.module-qnc.de\/en\/\"><img loading=\"lazy\" decoding=\"async\" width=\"700\" height=\"394\" src=\"https:\/\/www.module-qnc.de\/wp-content\/uploads\/2023\/01\/reinraum-qnc.jpg\" alt=\"Reinraum Aufnahme: Forscher vor Computer neben Mikroelektronik Bauteilen\" class=\"wp-image-111\" style=\"aspect-ratio:16\/9;object-fit:cover\" srcset=\"https:\/\/www.module-qnc.de\/wp-content\/uploads\/2023\/01\/reinraum-qnc.jpg 700w, https:\/\/www.module-qnc.de\/wp-content\/uploads\/2023\/01\/reinraum-qnc-300x169.jpg 300w\" sizes=\"auto, (max-width: 700px) 100vw, 700px\" \/><\/a><\/figure>\n\n\n\n<p class=\"has-text-align-center has-white-color has-text-color has-link-color wp-elements-b7e300f9a48b8a233fd0fd2c629db8cc\" style=\"font-style:normal;font-weight:300\">Hintergr\u00fcnde und Forschung<\/p>\n\n\n\n<h2 class=\"wp-block-heading has-text-align-center wenig-padding has-white-color has-text-color has-link-color wp-elements-b57998b28e372f05493fdc51135f6d5b\" style=\"font-style:normal;font-weight:300;text-transform:uppercase\"><a href=\"https:\/\/www.module-qnc.de\/en\/\" target=\"_blank\" rel=\"noreferrer noopener\">\u00dcber das Projekt<\/a><\/h2>\n\n\n\n<div style=\"height:20px\" aria-hidden=\"true\" class=\"wp-block-spacer\"><\/div>\n<\/div>\n<\/div>\n\n\n\n<div style=\"height:20px\" aria-hidden=\"true\" class=\"wp-block-spacer\"><\/div>\n\n\n\n<div class=\"wp-block-columns is-not-stacked-on-mobile is-layout-flex wp-container-core-columns-is-layout-9d6595d7 wp-block-columns-is-layout-flex\">\n<div class=\"wp-block-column is-vertically-aligned-center is-layout-flow wp-block-column-is-layout-flow\" style=\"flex-basis:25%\">\n<figure class=\"wp-block-image size-large\"><a href=\"https:\/\/www.forschungsfabrik-mikroelektronik.de\/en\" target=\"_blank\" rel=\"noreferrer noopener\"><img loading=\"lazy\" decoding=\"async\" width=\"1024\" height=\"450\" src=\"https:\/\/www.module-qnc.de\/wp-content\/uploads\/2023\/02\/fmd-logo.1440.1920-1024x450.png\" alt=\"Logo Forschungsfabrik Mikroelektronik Deutschland\" class=\"wp-image-392\" srcset=\"https:\/\/www.module-qnc.de\/wp-content\/uploads\/2023\/02\/fmd-logo.1440.1920-1024x450.png 1024w, https:\/\/www.module-qnc.de\/wp-content\/uploads\/2023\/02\/fmd-logo.1440.1920-300x132.png 300w, https:\/\/www.module-qnc.de\/wp-content\/uploads\/2023\/02\/fmd-logo.1440.1920-768x338.png 768w, https:\/\/www.module-qnc.de\/wp-content\/uploads\/2023\/02\/fmd-logo.1440.1920.png 1440w\" sizes=\"auto, (max-width: 1024px) 100vw, 1024px\" \/><\/a><\/figure>\n<\/div>\n\n\n\n<div class=\"wp-block-column is-vertically-aligned-center is-layout-flow wp-block-column-is-layout-flow\" style=\"flex-basis:25%\">\n<figure class=\"wp-block-image size-full\"><a href=\"https:\/\/www.amo.de\/\" target=\"_blank\" rel=\"noreferrer noopener\"><img loading=\"lazy\" decoding=\"async\" width=\"171\" height=\"67\" src=\"https:\/\/www.module-qnc.de\/wp-content\/uploads\/2023\/01\/amo-logo.jpg\" alt=\"Logo AMO GmbH Aachen \" class=\"wp-image-123\"\/><\/a><\/figure>\n<\/div>\n\n\n\n<div class=\"wp-block-column is-vertically-aligned-center is-layout-flow wp-block-column-is-layout-flow\" style=\"flex-basis:22%\"><div class=\"wp-block-image\">\n<figure class=\"alignleft size-full\"><a href=\"https:\/\/www.fz-juelich.de\/de\" target=\"_blank\" rel=\"noreferrer noopener\"><img loading=\"lazy\" decoding=\"async\" width=\"654\" height=\"193\" src=\"https:\/\/www.module-qnc.de\/wp-content\/uploads\/2023\/01\/juelich-logo.png\" alt=\"Logo J\u00fclich Forschungszentrum \" class=\"wp-image-124\" srcset=\"https:\/\/www.module-qnc.de\/wp-content\/uploads\/2023\/01\/juelich-logo.png 654w, https:\/\/www.module-qnc.de\/wp-content\/uploads\/2023\/01\/juelich-logo-300x89.png 300w\" sizes=\"auto, (max-width: 654px) 100vw, 654px\" \/><\/a><\/figure>\n<\/div><\/div>\n\n\n\n<div class=\"wp-block-column is-vertically-aligned-top is-layout-flow wp-block-column-is-layout-flow\" style=\"flex-basis:25%\">\n<figure class=\"wp-block-image size-full\"><a href=\"https:\/\/www.bmbf.de\/bmbf\/de\/home\/home_node.html\" target=\"_blank\" rel=\"noreferrer noopener\"><img decoding=\"async\" src=\"https:\/\/www.module-qnc.de\/wp-content\/uploads\/2023\/11\/BMBF-logo-en.jpg\" alt=\"Sponsored by the federal ministry of education and research \" class=\"wp-image-137\"\/><\/a><\/figure>\n<\/div>\n<\/div>","protected":false},"excerpt":{"rendered":"<p>Entwicklung der zuk\u00fcnftigen Hardware-Basis f\u00fcr neue Rechentechnologien Hier b\u00fcndeln wir die Forschung und Entwicklung in Deutschland zu Quanten- und neuromorphem Computing. Wir unterst\u00fctzen Start-ups, KMU und Industrie bei der Entwicklung von Prototypen und skalierbaren Fertigungs- und Integrationsverfahren f\u00fcr die neuen&#8230;<\/p>","protected":false},"author":1,"featured_media":0,"parent":0,"menu_order":0,"comment_status":"closed","ping_status":"closed","template":"page-fullwidth.php","meta":{"_acf_changed":false,"footnotes":""},"class_list":["post-2238","page","type-page","status-publish","hentry"],"acf":[],"yoast_head":"<!-- This site is optimized with the Yoast SEO plugin v27.5 - https:\/\/yoast.com\/product\/yoast-seo-wordpress\/ -->\n<title>Quanten- und neuromorphes Computing<\/title>\n<meta name=\"description\" content=\"Entdecken Sie die Zukunft des Quantencomputing und neuromorphem Computing \u2013 f\u00fcr innovative Anwendungen in KI, Edge-Computing und mehr!\" \/>\n<meta name=\"robots\" content=\"index, follow, max-snippet:-1, max-image-preview:large, max-video-preview:-1\" \/>\n<link rel=\"canonical\" href=\"https:\/\/www.module-qnc.de\/en\/teststartseite\/\" \/>\n<meta property=\"og:locale\" content=\"en_US\" \/>\n<meta property=\"og:type\" content=\"article\" \/>\n<meta property=\"og:title\" content=\"Quanten- und neuromorphes Computing\" \/>\n<meta property=\"og:description\" content=\"Entdecken Sie die Zukunft des Quantencomputing und neuromorphem Computing \u2013 f\u00fcr innovative Anwendungen in KI, Edge-Computing und mehr!\" \/>\n<meta property=\"og:url\" content=\"https:\/\/www.module-qnc.de\/en\/teststartseite\/\" \/>\n<meta property=\"og:site_name\" content=\"FMD-QNC\" \/>\n<meta property=\"article:modified_time\" content=\"2024-06-26T11:42:20+00:00\" \/>\n<meta property=\"og:image\" content=\"https:\/\/www.module-qnc.de\/wp-content\/uploads\/2024\/06\/221026-loewn_fmd_fbh_reinraumfilm_stills_3.png\" \/>\n<meta name=\"twitter:card\" content=\"summary_large_image\" \/>\n<meta name=\"twitter:label1\" content=\"Est. reading time\" \/>\n\t<meta name=\"twitter:data1\" content=\"2 minutes\" \/>\n<script type=\"application\/ld+json\" class=\"yoast-schema-graph\">{\"@context\":\"https:\\\/\\\/schema.org\",\"@graph\":[{\"@type\":\"WebPage\",\"@id\":\"https:\\\/\\\/www.module-qnc.de\\\/teststartseite\\\/\",\"url\":\"https:\\\/\\\/www.module-qnc.de\\\/teststartseite\\\/\",\"name\":\"Quanten- und neuromorphes Computing\",\"isPartOf\":{\"@id\":\"https:\\\/\\\/www.module-qnc.de\\\/#website\"},\"primaryImageOfPage\":{\"@id\":\"https:\\\/\\\/www.module-qnc.de\\\/teststartseite\\\/#primaryimage\"},\"image\":{\"@id\":\"https:\\\/\\\/www.module-qnc.de\\\/teststartseite\\\/#primaryimage\"},\"thumbnailUrl\":\"https:\\\/\\\/www.module-qnc.de\\\/wp-content\\\/uploads\\\/2024\\\/06\\\/221026-loewn_fmd_fbh_reinraumfilm_stills_3.png\",\"datePublished\":\"2024-06-05T12:56:09+00:00\",\"dateModified\":\"2024-06-26T11:42:20+00:00\",\"description\":\"Entdecken Sie die Zukunft des Quantencomputing und neuromorphem Computing \u2013 f\u00fcr innovative Anwendungen in KI, Edge-Computing und mehr!\",\"breadcrumb\":{\"@id\":\"https:\\\/\\\/www.module-qnc.de\\\/teststartseite\\\/#breadcrumb\"},\"inLanguage\":\"en-US\",\"potentialAction\":[{\"@type\":\"ReadAction\",\"target\":[\"https:\\\/\\\/www.module-qnc.de\\\/teststartseite\\\/\"]}]},{\"@type\":\"ImageObject\",\"inLanguage\":\"en-US\",\"@id\":\"https:\\\/\\\/www.module-qnc.de\\\/teststartseite\\\/#primaryimage\",\"url\":\"https:\\\/\\\/www.module-qnc.de\\\/wp-content\\\/uploads\\\/2024\\\/06\\\/221026-loewn_fmd_fbh_reinraumfilm_stills_3.png\",\"contentUrl\":\"https:\\\/\\\/www.module-qnc.de\\\/wp-content\\\/uploads\\\/2024\\\/06\\\/221026-loewn_fmd_fbh_reinraumfilm_stills_3.png\"},{\"@type\":\"BreadcrumbList\",\"@id\":\"https:\\\/\\\/www.module-qnc.de\\\/teststartseite\\\/#breadcrumb\",\"itemListElement\":[{\"@type\":\"ListItem\",\"position\":1,\"name\":\"Startseite\",\"item\":\"https:\\\/\\\/www.module-qnc.de\\\/\"},{\"@type\":\"ListItem\",\"position\":2,\"name\":\"Quanten- und neuromorphes Computing\"}]},{\"@type\":\"WebSite\",\"@id\":\"https:\\\/\\\/www.module-qnc.de\\\/#website\",\"url\":\"https:\\\/\\\/www.module-qnc.de\\\/\",\"name\":\"FMD-QNC\",\"description\":\"FMD-Modul Quantencomputing und neuromorphes Computing\",\"publisher\":{\"@id\":\"https:\\\/\\\/www.module-qnc.de\\\/#organization\"},\"potentialAction\":[{\"@type\":\"SearchAction\",\"target\":{\"@type\":\"EntryPoint\",\"urlTemplate\":\"https:\\\/\\\/www.module-qnc.de\\\/?s={search_term_string}\"},\"query-input\":{\"@type\":\"PropertyValueSpecification\",\"valueRequired\":true,\"valueName\":\"search_term_string\"}}],\"inLanguage\":\"en-US\"},{\"@type\":\"Organization\",\"@id\":\"https:\\\/\\\/www.module-qnc.de\\\/#organization\",\"name\":\"FMD-QNC\",\"url\":\"https:\\\/\\\/www.module-qnc.de\\\/\",\"logo\":{\"@type\":\"ImageObject\",\"inLanguage\":\"en-US\",\"@id\":\"https:\\\/\\\/www.module-qnc.de\\\/#\\\/schema\\\/logo\\\/image\\\/\",\"url\":\"https:\\\/\\\/www.module-qnc.de\\\/wp-content\\\/uploads\\\/2023\\\/01\\\/221117-loewn_fmd_qnc_logo-1.png\",\"contentUrl\":\"https:\\\/\\\/www.module-qnc.de\\\/wp-content\\\/uploads\\\/2023\\\/01\\\/221117-loewn_fmd_qnc_logo-1.png\",\"width\":4096,\"height\":893,\"caption\":\"FMD-QNC\"},\"image\":{\"@id\":\"https:\\\/\\\/www.module-qnc.de\\\/#\\\/schema\\\/logo\\\/image\\\/\"}}]}<\/script>\n<!-- \/ Yoast SEO plugin. -->","yoast_head_json":{"title":"Quantum and neuromorphic computing","description":"Discover the future of quantum computing and neuromorphic computing - for innovative applications in AI, edge computing and more!","robots":{"index":"index","follow":"follow","max-snippet":"max-snippet:-1","max-image-preview":"max-image-preview:large","max-video-preview":"max-video-preview:-1"},"canonical":"https:\/\/www.module-qnc.de\/en\/teststartseite\/","og_locale":"en_US","og_type":"article","og_title":"Quanten- und neuromorphes Computing","og_description":"Entdecken Sie die Zukunft des Quantencomputing und neuromorphem Computing \u2013 f\u00fcr innovative Anwendungen in KI, Edge-Computing und mehr!","og_url":"https:\/\/www.module-qnc.de\/en\/teststartseite\/","og_site_name":"FMD-QNC","article_modified_time":"2024-06-26T11:42:20+00:00","og_image":[{"url":"https:\/\/www.module-qnc.de\/wp-content\/uploads\/2024\/06\/221026-loewn_fmd_fbh_reinraumfilm_stills_3.png","type":"","width":"","height":""}],"twitter_card":"summary_large_image","twitter_misc":{"Est. reading time":"2 minutes"},"schema":{"@context":"https:\/\/schema.org","@graph":[{"@type":"WebPage","@id":"https:\/\/www.module-qnc.de\/teststartseite\/","url":"https:\/\/www.module-qnc.de\/teststartseite\/","name":"Quantum and neuromorphic computing","isPartOf":{"@id":"https:\/\/www.module-qnc.de\/#website"},"primaryImageOfPage":{"@id":"https:\/\/www.module-qnc.de\/teststartseite\/#primaryimage"},"image":{"@id":"https:\/\/www.module-qnc.de\/teststartseite\/#primaryimage"},"thumbnailUrl":"https:\/\/www.module-qnc.de\/wp-content\/uploads\/2024\/06\/221026-loewn_fmd_fbh_reinraumfilm_stills_3.png","datePublished":"2024-06-05T12:56:09+00:00","dateModified":"2024-06-26T11:42:20+00:00","description":"Discover the future of quantum computing and neuromorphic computing - for innovative applications in AI, edge computing and more!","breadcrumb":{"@id":"https:\/\/www.module-qnc.de\/teststartseite\/#breadcrumb"},"inLanguage":"en-US","potentialAction":[{"@type":"ReadAction","target":["https:\/\/www.module-qnc.de\/teststartseite\/"]}]},{"@type":"ImageObject","inLanguage":"en-US","@id":"https:\/\/www.module-qnc.de\/teststartseite\/#primaryimage","url":"https:\/\/www.module-qnc.de\/wp-content\/uploads\/2024\/06\/221026-loewn_fmd_fbh_reinraumfilm_stills_3.png","contentUrl":"https:\/\/www.module-qnc.de\/wp-content\/uploads\/2024\/06\/221026-loewn_fmd_fbh_reinraumfilm_stills_3.png"},{"@type":"BreadcrumbList","@id":"https:\/\/www.module-qnc.de\/teststartseite\/#breadcrumb","itemListElement":[{"@type":"ListItem","position":1,"name":"Startseite","item":"https:\/\/www.module-qnc.de\/"},{"@type":"ListItem","position":2,"name":"Quanten- und neuromorphes Computing"}]},{"@type":"WebSite","@id":"https:\/\/www.module-qnc.de\/#website","url":"https:\/\/www.module-qnc.de\/","name":"FMD-QNC","description":"FMD-Module\nQuantum and Neuromorphic Computing","publisher":{"@id":"https:\/\/www.module-qnc.de\/#organization"},"potentialAction":[{"@type":"SearchAction","target":{"@type":"EntryPoint","urlTemplate":"https:\/\/www.module-qnc.de\/?s={search_term_string}"},"query-input":{"@type":"PropertyValueSpecification","valueRequired":true,"valueName":"search_term_string"}}],"inLanguage":"en-US"},{"@type":"Organization","@id":"https:\/\/www.module-qnc.de\/#organization","name":"FMD-QNC","url":"https:\/\/www.module-qnc.de\/","logo":{"@type":"ImageObject","inLanguage":"en-US","@id":"https:\/\/www.module-qnc.de\/#\/schema\/logo\/image\/","url":"https:\/\/www.module-qnc.de\/wp-content\/uploads\/2023\/01\/221117-loewn_fmd_qnc_logo-1.png","contentUrl":"https:\/\/www.module-qnc.de\/wp-content\/uploads\/2023\/01\/221117-loewn_fmd_qnc_logo-1.png","width":4096,"height":893,"caption":"FMD-QNC"},"image":{"@id":"https:\/\/www.module-qnc.de\/#\/schema\/logo\/image\/"}}]}},"_links":{"self":[{"href":"https:\/\/www.module-qnc.de\/en\/wp-json\/wp\/v2\/pages\/2238","targetHints":{"allow":["GET"]}}],"collection":[{"href":"https:\/\/www.module-qnc.de\/en\/wp-json\/wp\/v2\/pages"}],"about":[{"href":"https:\/\/www.module-qnc.de\/en\/wp-json\/wp\/v2\/types\/page"}],"author":[{"embeddable":true,"href":"https:\/\/www.module-qnc.de\/en\/wp-json\/wp\/v2\/users\/1"}],"replies":[{"embeddable":true,"href":"https:\/\/www.module-qnc.de\/en\/wp-json\/wp\/v2\/comments?post=2238"}],"version-history":[{"count":90,"href":"https:\/\/www.module-qnc.de\/en\/wp-json\/wp\/v2\/pages\/2238\/revisions"}],"predecessor-version":[{"id":2486,"href":"https:\/\/www.module-qnc.de\/en\/wp-json\/wp\/v2\/pages\/2238\/revisions\/2486"}],"wp:attachment":[{"href":"https:\/\/www.module-qnc.de\/en\/wp-json\/wp\/v2\/media?parent=2238"}],"curies":[{"name":"wp","href":"https:\/\/api.w.org\/{rel}","templated":true}]}}