{"id":1792,"date":"2024-02-29T11:13:19","date_gmt":"2024-02-29T10:13:19","guid":{"rendered":"https:\/\/www.module-qnc.de\/?page_id=1792"},"modified":"2025-01-14T09:26:13","modified_gmt":"2025-01-14T08:26:13","slug":"space-jury-pitch","status":"publish","type":"page","link":"https:\/\/www.module-qnc.de\/en\/space-jury-pitch\/","title":{"rendered":"Registration for jury pitch"},"content":{"rendered":"<p><\/p>\n\n\n\n<p><strong>When?<\/strong> <br> 30. Januar 2025, 13:00-19:00 Uhr<br>Anmeldedeadline: 22. Januar 2025<\/p>\n\n\n\n<p><strong>Wo?<\/strong><br>MightyTwice Hotel<br>K\u00f6nigsbr\u00fccker Str. 121A<br>01099 Dresden<br><a href=\"https:\/\/www.google.com\/maps\/place\/\/data=!4m2!3m1!1s0x4709cf718fa17bf3:0xddd55cd5c6670c8d?sa=X&amp;ved=1t:8290&amp;ictx=111\">Anfahrt<\/a><\/p>\n\n\n\n<p><strong>Ablauf<\/strong>:<br>Jedes QNC Space-Projektteam stellt innerhalb von f\u00fcnf Minuten ihr Projekt einer siebenk\u00f6pfigen Jury vor. Alle Projektteams sind w\u00e4hrend den Pitchs anwesend. So k\u00f6nnen Sie in den Pausen gezielt auf die f\u00fcr Sie interessanten Teams zugehen und ihr Netzwerk erweitern.<\/p>\n\n\n\n<p>Hier k\u00f6nnen Sie sich offiziell f\u00fcr die Jury-Pitch-Veranstaltung anmelden. Auf der Veranstaltung werden Fotos gemacht, mit deren sp\u00e4teren Verwendung Sie sich durch den Besuch der Veranstaltung einverstanden erkl\u00e4ren.<\/p>\n\n\n\n<p>Der Bewerbungs- und Auswahlprozess des QNC Space endet mit dieser Jury-Pitch-Veranstaltung. Die offizielle Bekanntgabe der gef\u00f6rderten Projekte wird im Nachgang durch das BMBF erfolgen. Zur Zeit ist geplant, diese Bekanntgabe am Abend des 30. Januar zu machen \u2013 bitte planen Sie daher Ihre Abreise entsprechend.<\/p>\n\n\n\n<h2 class=\"wp-block-heading\">Anmeldeformular<\/h2>\n\n\n\n<p class=\"has-small-font-size\">Die mit * gekennzeichnet Felder sind obligatorisch<\/p>\n\n\n\n<div class=\"wp-block-contact-form-7-contact-form-selector\">\n<div class=\"wpcf7 no-js\" id=\"wpcf7-f1791-o1\" lang=\"de-DE\" dir=\"ltr\" data-wpcf7-id=\"1791\">\n<div class=\"screen-reader-response\"><p role=\"status\" aria-live=\"polite\" aria-atomic=\"true\"><\/p> <ul><\/ul><\/div>\n<form action=\"\/en\/wp-json\/wp\/v2\/pages\/1792#wpcf7-f1791-o1\" method=\"post\" class=\"wpcf7-form init\" aria-label=\"Kontaktformular\" novalidate=\"novalidate\" data-status=\"init\" data-trp-original-action=\"\/en\/wp-json\/wp\/v2\/pages\/1792#wpcf7-f1791-o1\">\n<fieldset class=\"hidden-fields-container\"><input type=\"hidden\" name=\"_wpcf7\" value=\"1791\" \/><input type=\"hidden\" name=\"_wpcf7_version\" value=\"6.1.5\" \/><input type=\"hidden\" name=\"_wpcf7_locale\" value=\"de_DE\" \/><input type=\"hidden\" name=\"_wpcf7_unit_tag\" value=\"wpcf7-f1791-o1\" \/><input type=\"hidden\" name=\"_wpcf7_container_post\" value=\"0\" \/><input type=\"hidden\" name=\"_wpcf7_posted_data_hash\" value=\"\" \/><input type=\"hidden\" name=\"_wpcf7_recaptcha_response\" value=\"\" \/>\n<\/fieldset>\n<p><span class=\"wpcf7-form-control-wrap\" data-name=\"your-salutation\"><select class=\"wpcf7-form-control wpcf7-select wpcf7-validates-as-required\" aria-required=\"true\" aria-invalid=\"false\" name=\"your-salutation\"><option value=\"\">Anrede*<\/option><option value=\"Frau\">Frau<\/option><option value=\"Herr\">Herr<\/option><option value=\"Divers\">Divers<\/option><option value=\"ohne Anrede\">ohne Anrede<\/option><\/select><\/span>\n<\/p>\n<p><span class=\"wpcf7-form-control-wrap\" data-name=\"your-title\"><input size=\"40\" maxlength=\"400\" class=\"wpcf7-form-control wpcf7-text\" aria-invalid=\"false\" placeholder=\"Title\" value=\"\" type=\"text\" name=\"your-title\" \/><\/span>\n<\/p>\n<p><span class=\"wpcf7-form-control-wrap\" data-name=\"your-firstname\"><input size=\"40\" maxlength=\"400\" class=\"wpcf7-form-control wpcf7-text wpcf7-validates-as-required\" aria-required=\"true\" aria-invalid=\"false\" placeholder=\"Vorname*\" value=\"\" type=\"text\" name=\"your-firstname\" \/><\/span>\n<\/p>\n<p><span class=\"wpcf7-form-control-wrap\" data-name=\"your-surname\"><input size=\"40\" maxlength=\"400\" class=\"wpcf7-form-control wpcf7-text wpcf7-validates-as-required\" aria-required=\"true\" aria-invalid=\"false\" placeholder=\"Nachname*\" value=\"\" type=\"text\" name=\"your-surname\" \/><\/span>\n<\/p>\n<p><span class=\"wpcf7-form-control-wrap\" data-name=\"your-email\"><input size=\"40\" maxlength=\"400\" class=\"wpcf7-form-control wpcf7-email wpcf7-validates-as-required wpcf7-text wpcf7-validates-as-email\" aria-required=\"true\" aria-invalid=\"false\" placeholder=\"E-Mail*\" value=\"\" type=\"email\" name=\"your-email\" \/><\/span>\n<\/p>\n<p><span class=\"wpcf7-form-control-wrap\" data-name=\"your-organisation\"><input size=\"40\" maxlength=\"400\" class=\"wpcf7-form-control wpcf7-text wpcf7-validates-as-required\" aria-required=\"true\" aria-invalid=\"false\" placeholder=\"Organisation*\" value=\"\" type=\"text\" name=\"your-organisation\" \/><\/span>\n<\/p>\n<p><span class=\"wpcf7-form-control-wrap\" data-name=\"your-position\"><input size=\"40\" maxlength=\"400\" class=\"wpcf7-form-control wpcf7-text wpcf7-validates-as-required\" aria-required=\"true\" aria-invalid=\"false\" placeholder=\"Position*\" value=\"\" type=\"text\" name=\"your-position\" \/><\/span>\n<\/p>\n<p><span class=\"wpcf7-form-control-wrap\" data-name=\"checkbox-746\"><span class=\"wpcf7-form-control wpcf7-checkbox wpcf7-validates-as-required\"><span class=\"wpcf7-list-item first last\"><input type=\"checkbox\" name=\"checkbox-746[]\" value=\"Ich erkl\u00e4re mich mit der Datenschutzerkl\u00e4rung* von FMD QNC einverstanden.*\" \/><span class=\"wpcf7-list-item-label\">Ich erkl\u00e4re mich mit der Datenschutzerkl\u00e4rung* von FMD QNC einverstanden.*<\/span><\/span><\/span><\/span><br \/>\n*<a href=\"https:\/\/www.module-qnc.de\/en\/datenschutzerklaerung\/\">Privacy Policy<\/a>\n<\/p>\n<p><span class=\"wpcf7-form-control-wrap\" data-name=\"checkbox-745\"><span class=\"wpcf7-form-control wpcf7-checkbox wpcf7-validates-as-required\"><span class=\"wpcf7-list-item first last\"><input type=\"checkbox\" name=\"checkbox-745[]\" value=\"Mit der Teilnahme an der Veranstaltung stimme ich Fotoaufnahmen meiner Person sowie deren Ver\u00f6ffentlichung zu. Die Aufnahmen werden im Rahmen der \u00d6ffentlichkeitsarbeit der Forschungsfabrik Mikroelektronik Deutschland\/des Fraunhofer-Verbunds Mikroelektronik genutzt und verbreitet. Dies umfasst u.a. die Ver\u00f6ffentlichung auf Social Media (LinkedIn\/Youtube), im Newsroom, auf Webseiten etc.*\" \/><span class=\"wpcf7-list-item-label\">Mit der Teilnahme an der Veranstaltung stimme ich Fotoaufnahmen meiner Person sowie deren Ver\u00f6ffentlichung zu. Die Aufnahmen werden im Rahmen der \u00d6ffentlichkeitsarbeit der Forschungsfabrik Mikroelektronik Deutschland\/des Fraunhofer-Verbunds Mikroelektronik genutzt und verbreitet. Dies umfasst u.a. die Ver\u00f6ffentlichung auf Social Media (LinkedIn\/Youtube), im Newsroom, auf Webseiten etc.*<\/span><\/span><\/span><\/span>\n<\/p>\n<p><input class=\"wpcf7-form-control wpcf7-submit has-spinner\" type=\"submit\" value=\"Submit\" \/>\n<\/p><div class=\"wpcf7-response-output\" aria-hidden=\"true\"><\/div>\n<input type=\"hidden\" name=\"trp-form-language\" value=\"en\"\/><\/form>\n<\/div>\n<\/div>","protected":false},"excerpt":{"rendered":"<p>Wann? 30. Januar 2025, 13:00-19:00 UhrAnmeldedeadline: 22. Januar 2025 Wo?MightyTwice HotelK\u00f6nigsbr\u00fccker Str. 121A01099 DresdenAnfahrt Ablauf:Jedes QNC Space-Projektteam stellt innerhalb von f\u00fcnf Minuten ihr Projekt einer siebenk\u00f6pfigen Jury vor. Alle Projektteams sind w\u00e4hrend den Pitchs anwesend. So k\u00f6nnen Sie in den&#8230;<\/p>","protected":false},"author":1,"featured_media":595,"parent":0,"menu_order":0,"comment_status":"closed","ping_status":"closed","template":"","meta":{"_acf_changed":false,"footnotes":""},"class_list":["post-1792","page","type-page","status-publish","has-post-thumbnail","hentry"],"acf":[],"yoast_head":"<!-- This site is optimized with the Yoast SEO plugin v27.3 - https:\/\/yoast.com\/product\/yoast-seo-wordpress\/ -->\n<title>Anmeldung zum Jury-Pitch<\/title>\n<meta name=\"description\" content=\"Jetzt anmelden und unserer Fachjury Ihr Projekt aus dem Bereich Quantencomputing und neuromorphes Computing vorstellen!\" \/>\n<meta name=\"robots\" content=\"noindex, nofollow\" \/>\n<meta property=\"og:locale\" content=\"en_US\" \/>\n<meta property=\"og:type\" content=\"article\" \/>\n<meta property=\"og:title\" content=\"Anmeldung zum Jury-Pitch\" \/>\n<meta property=\"og:description\" content=\"Jetzt anmelden und unserer Fachjury Ihr Projekt aus dem Bereich Quantencomputing und neuromorphes Computing vorstellen!\" \/>\n<meta property=\"og:url\" content=\"https:\/\/www.module-qnc.de\/en\/space-jury-pitch\/\" \/>\n<meta property=\"og:site_name\" content=\"FMD-QNC\" \/>\n<meta property=\"article:modified_time\" content=\"2025-01-14T08:26:13+00:00\" \/>\n<meta property=\"og:image\" content=\"https:\/\/www.module-qnc.de\/wp-content\/uploads\/2023\/05\/fmd-qnc-space.jpg\" \/>\n\t<meta property=\"og:image:width\" content=\"1920\" \/>\n\t<meta property=\"og:image:height\" content=\"1080\" \/>\n\t<meta property=\"og:image:type\" content=\"image\/jpeg\" \/>\n<meta name=\"twitter:card\" content=\"summary_large_image\" \/>\n<meta name=\"twitter:label1\" content=\"Est. reading time\" \/>\n\t<meta name=\"twitter:data1\" content=\"1 minute\" \/>\n<script type=\"application\/ld+json\" class=\"yoast-schema-graph\">{\"@context\":\"https:\\\/\\\/schema.org\",\"@graph\":[{\"@type\":\"WebPage\",\"@id\":\"https:\\\/\\\/www.module-qnc.de\\\/space-jury-pitch\\\/\",\"url\":\"https:\\\/\\\/www.module-qnc.de\\\/space-jury-pitch\\\/\",\"name\":\"Anmeldung zum Jury-Pitch\",\"isPartOf\":{\"@id\":\"https:\\\/\\\/www.module-qnc.de\\\/#website\"},\"primaryImageOfPage\":{\"@id\":\"https:\\\/\\\/www.module-qnc.de\\\/space-jury-pitch\\\/#primaryimage\"},\"image\":{\"@id\":\"https:\\\/\\\/www.module-qnc.de\\\/space-jury-pitch\\\/#primaryimage\"},\"thumbnailUrl\":\"https:\\\/\\\/www.module-qnc.de\\\/wp-content\\\/uploads\\\/2023\\\/05\\\/fmd-qnc-space.jpg\",\"datePublished\":\"2024-02-29T10:13:19+00:00\",\"dateModified\":\"2025-01-14T08:26:13+00:00\",\"description\":\"Jetzt anmelden und unserer Fachjury Ihr Projekt aus dem Bereich Quantencomputing und neuromorphes Computing vorstellen!\",\"breadcrumb\":{\"@id\":\"https:\\\/\\\/www.module-qnc.de\\\/space-jury-pitch\\\/#breadcrumb\"},\"inLanguage\":\"en-US\",\"potentialAction\":[{\"@type\":\"ReadAction\",\"target\":[\"https:\\\/\\\/www.module-qnc.de\\\/space-jury-pitch\\\/\"]}]},{\"@type\":\"ImageObject\",\"inLanguage\":\"en-US\",\"@id\":\"https:\\\/\\\/www.module-qnc.de\\\/space-jury-pitch\\\/#primaryimage\",\"url\":\"https:\\\/\\\/www.module-qnc.de\\\/wp-content\\\/uploads\\\/2023\\\/05\\\/fmd-qnc-space.jpg\",\"contentUrl\":\"https:\\\/\\\/www.module-qnc.de\\\/wp-content\\\/uploads\\\/2023\\\/05\\\/fmd-qnc-space.jpg\",\"width\":1920,\"height\":1080,\"caption\":\"Logo QNC Space auf gelb-orangenem Hintergrund\"},{\"@type\":\"BreadcrumbList\",\"@id\":\"https:\\\/\\\/www.module-qnc.de\\\/space-jury-pitch\\\/#breadcrumb\",\"itemListElement\":[{\"@type\":\"ListItem\",\"position\":1,\"name\":\"Startseite\",\"item\":\"https:\\\/\\\/www.module-qnc.de\\\/\"},{\"@type\":\"ListItem\",\"position\":2,\"name\":\"Anmeldung zum Jury-Pitch\"}]},{\"@type\":\"WebSite\",\"@id\":\"https:\\\/\\\/www.module-qnc.de\\\/#website\",\"url\":\"https:\\\/\\\/www.module-qnc.de\\\/\",\"name\":\"FMD-QNC\",\"description\":\"FMD-Modul Quantencomputing und neuromorphes Computing\",\"publisher\":{\"@id\":\"https:\\\/\\\/www.module-qnc.de\\\/#organization\"},\"potentialAction\":[{\"@type\":\"SearchAction\",\"target\":{\"@type\":\"EntryPoint\",\"urlTemplate\":\"https:\\\/\\\/www.module-qnc.de\\\/?s={search_term_string}\"},\"query-input\":{\"@type\":\"PropertyValueSpecification\",\"valueRequired\":true,\"valueName\":\"search_term_string\"}}],\"inLanguage\":\"en-US\"},{\"@type\":\"Organization\",\"@id\":\"https:\\\/\\\/www.module-qnc.de\\\/#organization\",\"name\":\"FMD-QNC\",\"url\":\"https:\\\/\\\/www.module-qnc.de\\\/\",\"logo\":{\"@type\":\"ImageObject\",\"inLanguage\":\"en-US\",\"@id\":\"https:\\\/\\\/www.module-qnc.de\\\/#\\\/schema\\\/logo\\\/image\\\/\",\"url\":\"https:\\\/\\\/www.module-qnc.de\\\/wp-content\\\/uploads\\\/2023\\\/01\\\/221117-loewn_fmd_qnc_logo-1.png\",\"contentUrl\":\"https:\\\/\\\/www.module-qnc.de\\\/wp-content\\\/uploads\\\/2023\\\/01\\\/221117-loewn_fmd_qnc_logo-1.png\",\"width\":4096,\"height\":893,\"caption\":\"FMD-QNC\"},\"image\":{\"@id\":\"https:\\\/\\\/www.module-qnc.de\\\/#\\\/schema\\\/logo\\\/image\\\/\"}}]}<\/script>\n<!-- \/ Yoast SEO plugin. -->","yoast_head_json":{"title":"Registration for jury pitch","description":"Register for the jury pitch and present your project in the field of quantum computing and neuromorphic computing to our expert jury!","robots":{"index":"noindex","follow":"nofollow"},"og_locale":"en_US","og_type":"article","og_title":"Anmeldung zum Jury-Pitch","og_description":"Jetzt anmelden und unserer Fachjury Ihr Projekt aus dem Bereich Quantencomputing und neuromorphes Computing vorstellen!","og_url":"https:\/\/www.module-qnc.de\/en\/space-jury-pitch\/","og_site_name":"FMD-QNC","article_modified_time":"2025-01-14T08:26:13+00:00","og_image":[{"width":1920,"height":1080,"url":"https:\/\/www.module-qnc.de\/wp-content\/uploads\/2023\/05\/fmd-qnc-space.jpg","type":"image\/jpeg"}],"twitter_card":"summary_large_image","twitter_misc":{"Est. reading time":"1 minute"},"schema":{"@context":"https:\/\/schema.org","@graph":[{"@type":"WebPage","@id":"https:\/\/www.module-qnc.de\/space-jury-pitch\/","url":"https:\/\/www.module-qnc.de\/space-jury-pitch\/","name":"Registration for jury pitch","isPartOf":{"@id":"https:\/\/www.module-qnc.de\/#website"},"primaryImageOfPage":{"@id":"https:\/\/www.module-qnc.de\/space-jury-pitch\/#primaryimage"},"image":{"@id":"https:\/\/www.module-qnc.de\/space-jury-pitch\/#primaryimage"},"thumbnailUrl":"https:\/\/www.module-qnc.de\/wp-content\/uploads\/2023\/05\/fmd-qnc-space.jpg","datePublished":"2024-02-29T10:13:19+00:00","dateModified":"2025-01-14T08:26:13+00:00","description":"Register for the jury pitch and present your project in the field of quantum computing and neuromorphic computing to our expert jury!","breadcrumb":{"@id":"https:\/\/www.module-qnc.de\/space-jury-pitch\/#breadcrumb"},"inLanguage":"en-US","potentialAction":[{"@type":"ReadAction","target":["https:\/\/www.module-qnc.de\/space-jury-pitch\/"]}]},{"@type":"ImageObject","inLanguage":"en-US","@id":"https:\/\/www.module-qnc.de\/space-jury-pitch\/#primaryimage","url":"https:\/\/www.module-qnc.de\/wp-content\/uploads\/2023\/05\/fmd-qnc-space.jpg","contentUrl":"https:\/\/www.module-qnc.de\/wp-content\/uploads\/2023\/05\/fmd-qnc-space.jpg","width":1920,"height":1080,"caption":"Logo QNC Space auf gelb-orangenem Hintergrund"},{"@type":"BreadcrumbList","@id":"https:\/\/www.module-qnc.de\/space-jury-pitch\/#breadcrumb","itemListElement":[{"@type":"ListItem","position":1,"name":"Startseite","item":"https:\/\/www.module-qnc.de\/"},{"@type":"ListItem","position":2,"name":"Anmeldung zum Jury-Pitch"}]},{"@type":"WebSite","@id":"https:\/\/www.module-qnc.de\/#website","url":"https:\/\/www.module-qnc.de\/","name":"FMD-QNC","description":"FMD-Module\nQuantum and Neuromorphic Computing","publisher":{"@id":"https:\/\/www.module-qnc.de\/#organization"},"potentialAction":[{"@type":"SearchAction","target":{"@type":"EntryPoint","urlTemplate":"https:\/\/www.module-qnc.de\/?s={search_term_string}"},"query-input":{"@type":"PropertyValueSpecification","valueRequired":true,"valueName":"search_term_string"}}],"inLanguage":"en-US"},{"@type":"Organization","@id":"https:\/\/www.module-qnc.de\/#organization","name":"FMD-QNC","url":"https:\/\/www.module-qnc.de\/","logo":{"@type":"ImageObject","inLanguage":"en-US","@id":"https:\/\/www.module-qnc.de\/#\/schema\/logo\/image\/","url":"https:\/\/www.module-qnc.de\/wp-content\/uploads\/2023\/01\/221117-loewn_fmd_qnc_logo-1.png","contentUrl":"https:\/\/www.module-qnc.de\/wp-content\/uploads\/2023\/01\/221117-loewn_fmd_qnc_logo-1.png","width":4096,"height":893,"caption":"FMD-QNC"},"image":{"@id":"https:\/\/www.module-qnc.de\/#\/schema\/logo\/image\/"}}]}},"_links":{"self":[{"href":"https:\/\/www.module-qnc.de\/en\/wp-json\/wp\/v2\/pages\/1792","targetHints":{"allow":["GET"]}}],"collection":[{"href":"https:\/\/www.module-qnc.de\/en\/wp-json\/wp\/v2\/pages"}],"about":[{"href":"https:\/\/www.module-qnc.de\/en\/wp-json\/wp\/v2\/types\/page"}],"author":[{"embeddable":true,"href":"https:\/\/www.module-qnc.de\/en\/wp-json\/wp\/v2\/users\/1"}],"replies":[{"embeddable":true,"href":"https:\/\/www.module-qnc.de\/en\/wp-json\/wp\/v2\/comments?post=1792"}],"version-history":[{"count":17,"href":"https:\/\/www.module-qnc.de\/en\/wp-json\/wp\/v2\/pages\/1792\/revisions"}],"predecessor-version":[{"id":2841,"href":"https:\/\/www.module-qnc.de\/en\/wp-json\/wp\/v2\/pages\/1792\/revisions\/2841"}],"wp:featuredmedia":[{"embeddable":true,"href":"https:\/\/www.module-qnc.de\/en\/wp-json\/wp\/v2\/media\/595"}],"wp:attachment":[{"href":"https:\/\/www.module-qnc.de\/en\/wp-json\/wp\/v2\/media?parent=1792"}],"curies":[{"name":"wp","href":"https:\/\/api.w.org\/{rel}","templated":true}]}}